{"id":7168,"date":"2026-04-01T12:48:58","date_gmt":"2026-04-01T12:48:58","guid":{"rendered":"https:\/\/cacaorevolution.earth\/?post_type=product&#038;p=7168"},"modified":"2026-04-02T15:08:49","modified_gmt":"2026-04-02T15:08:49","slug":"celestial-duo-2x-celestial-cacao-100-organske-kusko-kakao-granule-2","status":"publish","type":"product","link":"https:\/\/cacaorevolution.earth\/hr\/proizvod\/celestial-duo-2x-celestial-cacao-100-organske-kusko-kakao-granule-2\/","title":{"rendered":"CELESTIAL DUO 2x Celestial Cacao 100% Organske Kusko Kakao Granule"},"content":{"rendered":"<h2>Peru, Ma\u010du Pik\u010du (Dolina Kuska)<\/h2>\n<p>Drevne planta\u017ee na visoravnima <strong>Kuska, u senci Ma\u010du Pik\u010dua, drevne prestonice Inka<\/strong>, kriju tajnu Kusko kakaoa, <strong>jednog od najre\u0111ih i najcenjenijih sorti kakao zrna na svetu<\/strong>. Poznat je po izuzetnom ukusu i bogatoj, vo\u0107noj aromi. Pojedina\u010dna <strong>stabla ovog kakaoa stara su stotinama godina<\/strong> i sa\u010duvana su od uni\u0161tenja zahvaljuju\u0107i predanoj brizi lokalnog stanovni\u0161tva.<\/p>\n<p><strong>Mnogi ovaj kakao smatraju najukusnijim na svetu, a uz to je i jedna od najre\u0111ih, autohtonih sorti.<\/strong><\/p>\n<p><strong>Na\u0161 organski Celestial kakao dolazi u jedinstvenom obliku granula kakao mase sa \u010dak 55% kakao butera.<\/strong><\/p>\n<p>Idealan je za pripremu <strong>zdravih toplih \u010dokoladnih napitaka, kao zdrava zamena za kafu, kao dodatak proteinskim napicima i smutijima, ali i za druge dnevne rituale.<\/strong> Vi\u0161e o na\u010dinima pripreme i idejama za Va\u0161e dnevne kakao rituale saznajte na stranici: <a href=\"https:\/\/cacaorevolution.earth\/recipes\/\">Recepti<\/a>.<\/p>\n","protected":false},"excerpt":{"rendered":"<p>Peru, Ma\u010du Pik\u010du (Dolina Kuska) Drevne planta\u017ee na visoravnima Kuska, u senci Ma\u010du Pik\u010dua, drevne prestonice Inka, kriju tajnu Kusko kakaoa, jednog od najre\u0111ih i najcenjenijih sorti kakao zrna na svetu. Poznat je po izuzetnom ukusu i bogatoj, vo\u0107noj aromi. Pojedina\u010dna stabla ovog kakaoa stara su stotinama godina i sa\u010duvana su od uni\u0161tenja zahvaljuju\u0107i predanoj [&hellip;]<\/p>\n","protected":false},"featured_media":6992,"template":"","meta":{"_acf_changed":false,"inline_featured_image":false},"product_brand":[],"product_cat":[37],"product_tag":[],"class_list":{"0":"post-7168","1":"product","2":"type-product","3":"status-publish","4":"has-post-thumbnail","6":"product_cat-uncategorized-hr","8":"first","9":"instock","10":"sale","11":"shipping-taxable","12":"purchasable","13":"product-type-bundle"},"bundled_by":[],"bundle_stock_status":"instock","bundle_stock_quantity":"","bundle_virtual":false,"bundle_layout":"default","bundle_add_to_cart_form_location":"default","bundle_editable_in_cart":false,"bundle_sold_individually_context":"product","bundle_item_grouping":"parent","bundle_min_size":"","bundle_max_size":"","bundle_price":{"price":{"min":{"incl_tax":"33.5","excl_tax":"33.5"},"max":{"incl_tax":"33.5","excl_tax":"33.5"}},"regular_price":{"min":{"incl_tax":"50","excl_tax":"50"},"max":{"incl_tax":"50","excl_tax":"50"}}},"bundled_items":[{"bundled_item_id":82,"product_id":1724,"menu_order":0,"quantity_min":2,"quantity_max":2,"quantity_default":2,"priced_individually":false,"shipped_individually":false,"override_title":false,"title":"Celestial Cacao 100% Organske Kusko Kakao Granule","override_description":false,"description":"","optional":false,"hide_thumbnail":false,"discount":"","override_variations":false,"allowed_variations":[],"override_default_variation_attributes":false,"default_variation_attributes":[],"single_product_visibility":"hidden","cart_visibility":"hidden","order_visibility":"hidden","single_product_price_visibility":"visible","cart_price_visibility":"visible","order_price_visibility":"visible","stock_status":"in_stock"}],"bundle_sell_ids":[],"acf":[],"yoast_head":"<!-- This site is optimized with the Yoast SEO plugin v25.2 - https:\/\/yoast.com\/wordpress\/plugins\/seo\/ -->\n<title>CELESTIAL DUO 2x Celestial Cacao 100% Organske Kusko Kakao Granule - Cacao Revolution<\/title>\n<meta name=\"description\" content=\"Organski 100% Kusko Celestial kakao dolazi iz doline Kusko, Ma\u010du Pi\u010du, Peru, u jedinstvenom obliku granula kakao mase sa \u010dak 55% kakao butera.\" \/>\n<meta name=\"robots\" content=\"index, follow, max-snippet:-1, max-image-preview:large, max-video-preview:-1\" \/>\n<link rel=\"canonical\" href=\"https:\/\/cacaorevolution.earth\/hr\/proizvod\/celestial-duo-2x-celestial-cacao-100-organske-kusko-kakao-granule-2\/\" \/>\n<meta property=\"og:locale\" content=\"hr_HR\" \/>\n<meta property=\"og:type\" content=\"article\" \/>\n<meta property=\"og:title\" content=\"CELESTIAL DUO 2x Celestial Cacao 100% Organske Kusko Kakao Granule - Cacao Revolution\" \/>\n<meta property=\"og:description\" content=\"Organski 100% Kusko Celestial kakao dolazi iz doline Kusko, Ma\u010du Pi\u010du, Peru, u jedinstvenom obliku granula kakao mase sa \u010dak 55% kakao butera.\" \/>\n<meta property=\"og:url\" content=\"https:\/\/cacaorevolution.earth\/hr\/proizvod\/celestial-duo-2x-celestial-cacao-100-organske-kusko-kakao-granule-2\/\" \/>\n<meta property=\"og:site_name\" content=\"Cacao Revolution\" \/>\n<meta property=\"article:modified_time\" content=\"2026-04-02T15:08:49+00:00\" \/>\n<meta property=\"og:image\" content=\"https:\/\/cacaorevolution.earth\/wp-content\/uploads\/2026\/03\/2xCelestial_33.png\" \/>\n\t<meta property=\"og:image:width\" content=\"384\" \/>\n\t<meta property=\"og:image:height\" content=\"353\" \/>\n\t<meta property=\"og:image:type\" content=\"image\/png\" \/>\n<meta name=\"twitter:card\" content=\"summary_large_image\" \/>\n<meta name=\"twitter:label1\" content=\"Procijenjeno vrijeme \u010ditanja\" \/>\n\t<meta name=\"twitter:data1\" content=\"1 minuta\" \/>\n<script type=\"application\/ld+json\" class=\"yoast-schema-graph\">{\"@context\":\"https:\/\/schema.org\",\"@graph\":[{\"@type\":[\"WebPage\",\"ItemPage\"],\"@id\":\"https:\/\/cacaorevolution.earth\/hr\/proizvod\/celestial-duo-2x-celestial-cacao-100-organske-kusko-kakao-granule-2\/\",\"url\":\"https:\/\/cacaorevolution.earth\/hr\/proizvod\/celestial-duo-2x-celestial-cacao-100-organske-kusko-kakao-granule-2\/\",\"name\":\"CELESTIAL DUO 2x Celestial Cacao 100% Organske Kusko Kakao Granule - Cacao Revolution\",\"isPartOf\":{\"@id\":\"https:\/\/cacaorevolution.earth\/#website\"},\"primaryImageOfPage\":{\"@id\":\"https:\/\/cacaorevolution.earth\/hr\/proizvod\/celestial-duo-2x-celestial-cacao-100-organske-kusko-kakao-granule-2\/#primaryimage\"},\"image\":{\"@id\":\"https:\/\/cacaorevolution.earth\/hr\/proizvod\/celestial-duo-2x-celestial-cacao-100-organske-kusko-kakao-granule-2\/#primaryimage\"},\"thumbnailUrl\":\"https:\/\/cacaorevolution.earth\/wp-content\/uploads\/2026\/03\/2xCelestial_33.png\",\"datePublished\":\"2026-04-01T12:48:58+00:00\",\"dateModified\":\"2026-04-02T15:08:49+00:00\",\"description\":\"Organski 100% Kusko Celestial kakao dolazi iz doline Kusko, Ma\u010du Pi\u010du, Peru, u jedinstvenom obliku granula kakao mase sa \u010dak 55% kakao butera.\",\"breadcrumb\":{\"@id\":\"https:\/\/cacaorevolution.earth\/hr\/proizvod\/celestial-duo-2x-celestial-cacao-100-organske-kusko-kakao-granule-2\/#breadcrumb\"},\"inLanguage\":\"hr\",\"potentialAction\":[{\"@type\":\"ReadAction\",\"target\":[\"https:\/\/cacaorevolution.earth\/hr\/proizvod\/celestial-duo-2x-celestial-cacao-100-organske-kusko-kakao-granule-2\/\"]}]},{\"@type\":\"ImageObject\",\"inLanguage\":\"hr\",\"@id\":\"https:\/\/cacaorevolution.earth\/hr\/proizvod\/celestial-duo-2x-celestial-cacao-100-organske-kusko-kakao-granule-2\/#primaryimage\",\"url\":\"https:\/\/cacaorevolution.earth\/wp-content\/uploads\/2026\/03\/2xCelestial_33.png\",\"contentUrl\":\"https:\/\/cacaorevolution.earth\/wp-content\/uploads\/2026\/03\/2xCelestial_33.png\",\"width\":384,\"height\":353},{\"@type\":\"BreadcrumbList\",\"@id\":\"https:\/\/cacaorevolution.earth\/hr\/proizvod\/celestial-duo-2x-celestial-cacao-100-organske-kusko-kakao-granule-2\/#breadcrumb\",\"itemListElement\":[{\"@type\":\"ListItem\",\"position\":1,\"name\":\"Home\",\"item\":\"https:\/\/cacaorevolution.earth\/\"},{\"@type\":\"ListItem\",\"position\":2,\"name\":\"Trgovina\",\"item\":\"https:\/\/cacaorevolution.earth\/hr\/trgovina\/\"},{\"@type\":\"ListItem\",\"position\":3,\"name\":\"CELESTIAL DUO 2x Celestial Cacao 100% Organske Kusko Kakao Granule\"}]},{\"@type\":\"WebSite\",\"@id\":\"https:\/\/cacaorevolution.earth\/#website\",\"url\":\"https:\/\/cacaorevolution.earth\/\",\"name\":\"Cacao Revolution\",\"description\":\"Organic ceremonial cacao\",\"potentialAction\":[{\"@type\":\"SearchAction\",\"target\":{\"@type\":\"EntryPoint\",\"urlTemplate\":\"https:\/\/cacaorevolution.earth\/?s={search_term_string}\"},\"query-input\":{\"@type\":\"PropertyValueSpecification\",\"valueRequired\":true,\"valueName\":\"search_term_string\"}}],\"inLanguage\":\"hr\"}]}<\/script>\n<!-- \/ Yoast SEO plugin. -->","yoast_head_json":{"title":"CELESTIAL DUO 2x Celestial Cacao 100% Organske Kusko Kakao Granule - Cacao Revolution","description":"Organski 100% Kusko Celestial kakao dolazi iz doline Kusko, Ma\u010du Pi\u010du, Peru, u jedinstvenom obliku granula kakao mase sa \u010dak 55% kakao butera.","robots":{"index":"index","follow":"follow","max-snippet":"max-snippet:-1","max-image-preview":"max-image-preview:large","max-video-preview":"max-video-preview:-1"},"canonical":"https:\/\/cacaorevolution.earth\/hr\/proizvod\/celestial-duo-2x-celestial-cacao-100-organske-kusko-kakao-granule-2\/","og_locale":"hr_HR","og_type":"article","og_title":"CELESTIAL DUO 2x Celestial Cacao 100% Organske Kusko Kakao Granule - Cacao Revolution","og_description":"Organski 100% Kusko Celestial kakao dolazi iz doline Kusko, Ma\u010du Pi\u010du, Peru, u jedinstvenom obliku granula kakao mase sa \u010dak 55% kakao butera.","og_url":"https:\/\/cacaorevolution.earth\/hr\/proizvod\/celestial-duo-2x-celestial-cacao-100-organske-kusko-kakao-granule-2\/","og_site_name":"Cacao Revolution","article_modified_time":"2026-04-02T15:08:49+00:00","og_image":[{"width":384,"height":353,"url":"https:\/\/cacaorevolution.earth\/wp-content\/uploads\/2026\/03\/2xCelestial_33.png","type":"image\/png"}],"twitter_card":"summary_large_image","twitter_misc":{"Procijenjeno vrijeme \u010ditanja":"1 minuta"},"schema":{"@context":"https:\/\/schema.org","@graph":[{"@type":["WebPage","ItemPage"],"@id":"https:\/\/cacaorevolution.earth\/hr\/proizvod\/celestial-duo-2x-celestial-cacao-100-organske-kusko-kakao-granule-2\/","url":"https:\/\/cacaorevolution.earth\/hr\/proizvod\/celestial-duo-2x-celestial-cacao-100-organske-kusko-kakao-granule-2\/","name":"CELESTIAL DUO 2x Celestial Cacao 100% Organske Kusko Kakao Granule - Cacao Revolution","isPartOf":{"@id":"https:\/\/cacaorevolution.earth\/#website"},"primaryImageOfPage":{"@id":"https:\/\/cacaorevolution.earth\/hr\/proizvod\/celestial-duo-2x-celestial-cacao-100-organske-kusko-kakao-granule-2\/#primaryimage"},"image":{"@id":"https:\/\/cacaorevolution.earth\/hr\/proizvod\/celestial-duo-2x-celestial-cacao-100-organske-kusko-kakao-granule-2\/#primaryimage"},"thumbnailUrl":"https:\/\/cacaorevolution.earth\/wp-content\/uploads\/2026\/03\/2xCelestial_33.png","datePublished":"2026-04-01T12:48:58+00:00","dateModified":"2026-04-02T15:08:49+00:00","description":"Organski 100% Kusko Celestial kakao dolazi iz doline Kusko, Ma\u010du Pi\u010du, Peru, u jedinstvenom obliku granula kakao mase sa \u010dak 55% kakao butera.","breadcrumb":{"@id":"https:\/\/cacaorevolution.earth\/hr\/proizvod\/celestial-duo-2x-celestial-cacao-100-organske-kusko-kakao-granule-2\/#breadcrumb"},"inLanguage":"hr","potentialAction":[{"@type":"ReadAction","target":["https:\/\/cacaorevolution.earth\/hr\/proizvod\/celestial-duo-2x-celestial-cacao-100-organske-kusko-kakao-granule-2\/"]}]},{"@type":"ImageObject","inLanguage":"hr","@id":"https:\/\/cacaorevolution.earth\/hr\/proizvod\/celestial-duo-2x-celestial-cacao-100-organske-kusko-kakao-granule-2\/#primaryimage","url":"https:\/\/cacaorevolution.earth\/wp-content\/uploads\/2026\/03\/2xCelestial_33.png","contentUrl":"https:\/\/cacaorevolution.earth\/wp-content\/uploads\/2026\/03\/2xCelestial_33.png","width":384,"height":353},{"@type":"BreadcrumbList","@id":"https:\/\/cacaorevolution.earth\/hr\/proizvod\/celestial-duo-2x-celestial-cacao-100-organske-kusko-kakao-granule-2\/#breadcrumb","itemListElement":[{"@type":"ListItem","position":1,"name":"Home","item":"https:\/\/cacaorevolution.earth\/"},{"@type":"ListItem","position":2,"name":"Trgovina","item":"https:\/\/cacaorevolution.earth\/hr\/trgovina\/"},{"@type":"ListItem","position":3,"name":"CELESTIAL DUO 2x Celestial Cacao 100% Organske Kusko Kakao Granule"}]},{"@type":"WebSite","@id":"https:\/\/cacaorevolution.earth\/#website","url":"https:\/\/cacaorevolution.earth\/","name":"Cacao Revolution","description":"Organic ceremonial cacao","potentialAction":[{"@type":"SearchAction","target":{"@type":"EntryPoint","urlTemplate":"https:\/\/cacaorevolution.earth\/?s={search_term_string}"},"query-input":{"@type":"PropertyValueSpecification","valueRequired":true,"valueName":"search_term_string"}}],"inLanguage":"hr"}]}},"_links":{"self":[{"href":"https:\/\/cacaorevolution.earth\/hr\/wp-json\/wp\/v2\/product\/7168","targetHints":{"allow":["GET"]}}],"collection":[{"href":"https:\/\/cacaorevolution.earth\/hr\/wp-json\/wp\/v2\/product"}],"about":[{"href":"https:\/\/cacaorevolution.earth\/hr\/wp-json\/wp\/v2\/types\/product"}],"version-history":[{"count":1,"href":"https:\/\/cacaorevolution.earth\/hr\/wp-json\/wp\/v2\/product\/7168\/revisions"}],"predecessor-version":[{"id":7169,"href":"https:\/\/cacaorevolution.earth\/hr\/wp-json\/wp\/v2\/product\/7168\/revisions\/7169"}],"wp:featuredmedia":[{"embeddable":true,"href":"https:\/\/cacaorevolution.earth\/hr\/wp-json\/wp\/v2\/media\/6992"}],"wp:attachment":[{"href":"https:\/\/cacaorevolution.earth\/hr\/wp-json\/wp\/v2\/media?parent=7168"}],"wp:term":[{"taxonomy":"product_brand","embeddable":true,"href":"https:\/\/cacaorevolution.earth\/hr\/wp-json\/wp\/v2\/product_brand?post=7168"},{"taxonomy":"product_cat","embeddable":true,"href":"https:\/\/cacaorevolution.earth\/hr\/wp-json\/wp\/v2\/product_cat?post=7168"},{"taxonomy":"product_tag","embeddable":true,"href":"https:\/\/cacaorevolution.earth\/hr\/wp-json\/wp\/v2\/product_tag?post=7168"}],"curies":[{"name":"wp","href":"https:\/\/api.w.org\/{rel}","templated":true}]}}