{"id":6929,"date":"2026-03-16T15:35:50","date_gmt":"2026-03-16T15:35:50","guid":{"rendered":"https:\/\/cacaorevolution.earth\/?post_type=product&#038;p=6929"},"modified":"2026-03-17T12:11:20","modified_gmt":"2026-03-17T12:11:20","slug":"divine-moments-divine-awakening-100-ceremonijalni-sirovi-kakao-blok-450g-cacao-%d1%8fevolution-100-visokokvalitetni-kakao-prah-150g","status":"publish","type":"product","link":"https:\/\/cacaorevolution.earth\/hr\/proizvod\/divine-moments-divine-awakening-100-ceremonijalni-sirovi-kakao-blok-450g-cacao-%d1%8fevolution-100-visokokvalitetni-kakao-prah-150g\/","title":{"rendered":"DIVINE MOMENTS Divine Awakening 100% Ceremonijalni Sirovi Kakao Blok (450g) + Cacao \u042f:Evolution 100% Visokokvalitetni Kakao Prah (150g)"},"content":{"rendered":"<p>Pretvori trenutke udvoje u pravu ceremoniju ljubavi uz bogate i mo\u0107ne kakao rituale koji otvaraju srce, povezuju du\u0161e i stvaraju ose\u0107aj duboke harmonije.<\/p>\n<p>Ceremonijalni sirovi Divine Awakening kakao blok otklju\u010dava punu nutritivnu mo\u0107 i rapsodiju \u010dokoladnih i citrusnih ukusa jedne od najdragocenijih sorti kakaoa na svetu. Njegova priprema postaje \u010din pa\u017enje, prisutnosti i ljubavi \u2013 bilo da ga deli\u0161 sa voljenom osobom ili ga ispija\u0161 u trenutku mira posve\u0107enom sebi.<\/p>\n<p>Punomasni Cacao \u042f:Evolution kakao prah donosi najbolju selekciju kakao zrna iz celog sveta u tvoju \u0161oljicu, pa je savr\u0161en izvor energije, zdravlja i unutra\u0161nje radosti u svakom danu!<\/p>\n<p>Za\u010dini Dan zaljubljenih najljubavnijim darom prirode!<\/p>\n","protected":false},"excerpt":{"rendered":"<p><i><span style=\"font-weight: 400;\">Divine Awakening <\/span><\/i><span style=\"font-weight: 400;\">100% ceremonijalni, sirovi kakao blok<\/span><i><span style=\"font-weight: 400;\"> (450g) + Cacao \u042f:Evolution <\/span><\/i><span style=\"font-weight: 400;\">kakao prah (150g)<\/span><\/p>\n","protected":false},"featured_media":7022,"template":"","meta":{"_acf_changed":false,"inline_featured_image":false},"product_brand":[],"product_cat":[37],"product_tag":[],"class_list":{"0":"post-6929","1":"product","2":"type-product","3":"status-publish","4":"has-post-thumbnail","6":"product_cat-uncategorized-hr","8":"first","9":"instock","10":"sale","11":"shipping-taxable","12":"purchasable","13":"product-type-bundle"},"bundled_by":[],"bundle_stock_status":"instock","bundle_stock_quantity":"","bundle_virtual":false,"bundle_layout":"default","bundle_add_to_cart_form_location":"default","bundle_editable_in_cart":false,"bundle_sold_individually_context":"product","bundle_item_grouping":"parent","bundle_min_size":"","bundle_max_size":"","bundle_price":{"price":{"min":{"incl_tax":"50.18","excl_tax":"50.18"},"max":{"incl_tax":"50.18","excl_tax":"50.18"}},"regular_price":{"min":{"incl_tax":"74.9","excl_tax":"74.9"},"max":{"incl_tax":"74.9","excl_tax":"74.9"}}},"bundled_items":[{"bundled_item_id":75,"product_id":2038,"menu_order":0,"quantity_min":1,"quantity_max":1,"quantity_default":1,"priced_individually":false,"shipped_individually":false,"override_title":false,"title":"Divine Awakening 100% Ceremonijalni Sirovi Kakao Blok","override_description":false,"description":"","optional":false,"hide_thumbnail":false,"discount":"","override_variations":false,"allowed_variations":[],"override_default_variation_attributes":false,"default_variation_attributes":[],"single_product_visibility":"hidden","cart_visibility":"hidden","order_visibility":"hidden","single_product_price_visibility":"visible","cart_price_visibility":"visible","order_price_visibility":"visible","stock_status":"in_stock"},{"bundled_item_id":76,"product_id":6348,"menu_order":1,"quantity_min":1,"quantity_max":1,"quantity_default":1,"priced_individually":false,"shipped_individually":false,"override_title":false,"title":"Cacao \u042f:Evolution Visokokvalitetni Kakao Prah","override_description":false,"description":"","optional":false,"hide_thumbnail":false,"discount":"","override_variations":true,"allowed_variations":[6349],"override_default_variation_attributes":true,"default_variation_attributes":[{"id":1,"name":"Quantity","option":"150-g-hr"}],"single_product_visibility":"hidden","cart_visibility":"hidden","order_visibility":"hidden","single_product_price_visibility":"visible","cart_price_visibility":"visible","order_price_visibility":"visible","stock_status":"in_stock"}],"bundle_sell_ids":[],"acf":[],"yoast_head":"<!-- This site is optimized with the Yoast SEO plugin v25.2 - https:\/\/yoast.com\/wordpress\/plugins\/seo\/ -->\n<title>DIVINE MOMENTS Divine Awakening 100% Ceremonijalni Sirovi Kakao Blok (450g) + Cacao \u042f:Evolution 100% Visokokvalitetni Kakao Prah (150g) - Cacao Revolution<\/title>\n<meta name=\"robots\" content=\"index, follow, max-snippet:-1, max-image-preview:large, max-video-preview:-1\" \/>\n<link rel=\"canonical\" href=\"https:\/\/cacaorevolution.earth\/hr\/proizvod\/divine-moments-divine-awakening-100-ceremonijalni-sirovi-kakao-blok-450g-cacao-\u044fevolution-100-visokokvalitetni-kakao-prah-150g\/\" \/>\n<meta property=\"og:locale\" content=\"hr_HR\" \/>\n<meta property=\"og:type\" content=\"article\" \/>\n<meta property=\"og:title\" content=\"DIVINE MOMENTS Divine Awakening 100% Ceremonijalni Sirovi Kakao Blok (450g) + Cacao \u042f:Evolution 100% Visokokvalitetni Kakao Prah (150g) - Cacao Revolution\" \/>\n<meta property=\"og:description\" content=\"Divine Awakening 100% ceremonijalni, sirovi kakao blok (450g) + Cacao \u042f:Evolution kakao prah (150g)\" \/>\n<meta property=\"og:url\" content=\"https:\/\/cacaorevolution.earth\/hr\/proizvod\/divine-moments-divine-awakening-100-ceremonijalni-sirovi-kakao-blok-450g-cacao-\u044fevolution-100-visokokvalitetni-kakao-prah-150g\/\" \/>\n<meta property=\"og:site_name\" content=\"Cacao Revolution\" \/>\n<meta property=\"article:modified_time\" content=\"2026-03-17T12:11:20+00:00\" \/>\n<meta property=\"og:image\" content=\"https:\/\/cacaorevolution.earth\/wp-content\/uploads\/2026\/03\/CR_Proizvodi_DivineCRprah_33popust.png\" \/>\n\t<meta property=\"og:image:width\" content=\"384\" \/>\n\t<meta property=\"og:image:height\" content=\"353\" \/>\n\t<meta property=\"og:image:type\" content=\"image\/png\" \/>\n<meta name=\"twitter:card\" content=\"summary_large_image\" \/>\n<meta name=\"twitter:label1\" content=\"Procijenjeno vrijeme \u010ditanja\" \/>\n\t<meta name=\"twitter:data1\" content=\"1 minuta\" \/>\n<script type=\"application\/ld+json\" class=\"yoast-schema-graph\">{\"@context\":\"https:\/\/schema.org\",\"@graph\":[{\"@type\":[\"WebPage\",\"ItemPage\"],\"@id\":\"https:\/\/cacaorevolution.earth\/hr\/proizvod\/divine-moments-divine-awakening-100-ceremonijalni-sirovi-kakao-blok-450g-cacao-%d1%8fevolution-100-visokokvalitetni-kakao-prah-150g\/\",\"url\":\"https:\/\/cacaorevolution.earth\/hr\/proizvod\/divine-moments-divine-awakening-100-ceremonijalni-sirovi-kakao-blok-450g-cacao-%d1%8fevolution-100-visokokvalitetni-kakao-prah-150g\/\",\"name\":\"DIVINE MOMENTS Divine Awakening 100% Ceremonijalni Sirovi Kakao Blok (450g) + Cacao \u042f:Evolution 100% Visokokvalitetni Kakao Prah (150g) - Cacao Revolution\",\"isPartOf\":{\"@id\":\"https:\/\/cacaorevolution.earth\/#website\"},\"primaryImageOfPage\":{\"@id\":\"https:\/\/cacaorevolution.earth\/hr\/proizvod\/divine-moments-divine-awakening-100-ceremonijalni-sirovi-kakao-blok-450g-cacao-%d1%8fevolution-100-visokokvalitetni-kakao-prah-150g\/#primaryimage\"},\"image\":{\"@id\":\"https:\/\/cacaorevolution.earth\/hr\/proizvod\/divine-moments-divine-awakening-100-ceremonijalni-sirovi-kakao-blok-450g-cacao-%d1%8fevolution-100-visokokvalitetni-kakao-prah-150g\/#primaryimage\"},\"thumbnailUrl\":\"https:\/\/cacaorevolution.earth\/wp-content\/uploads\/2026\/03\/CR_Proizvodi_DivineCRprah_33popust.png\",\"datePublished\":\"2026-03-16T15:35:50+00:00\",\"dateModified\":\"2026-03-17T12:11:20+00:00\",\"breadcrumb\":{\"@id\":\"https:\/\/cacaorevolution.earth\/hr\/proizvod\/divine-moments-divine-awakening-100-ceremonijalni-sirovi-kakao-blok-450g-cacao-%d1%8fevolution-100-visokokvalitetni-kakao-prah-150g\/#breadcrumb\"},\"inLanguage\":\"hr\",\"potentialAction\":[{\"@type\":\"ReadAction\",\"target\":[\"https:\/\/cacaorevolution.earth\/hr\/proizvod\/divine-moments-divine-awakening-100-ceremonijalni-sirovi-kakao-blok-450g-cacao-%d1%8fevolution-100-visokokvalitetni-kakao-prah-150g\/\"]}]},{\"@type\":\"ImageObject\",\"inLanguage\":\"hr\",\"@id\":\"https:\/\/cacaorevolution.earth\/hr\/proizvod\/divine-moments-divine-awakening-100-ceremonijalni-sirovi-kakao-blok-450g-cacao-%d1%8fevolution-100-visokokvalitetni-kakao-prah-150g\/#primaryimage\",\"url\":\"https:\/\/cacaorevolution.earth\/wp-content\/uploads\/2026\/03\/CR_Proizvodi_DivineCRprah_33popust.png\",\"contentUrl\":\"https:\/\/cacaorevolution.earth\/wp-content\/uploads\/2026\/03\/CR_Proizvodi_DivineCRprah_33popust.png\",\"width\":384,\"height\":353},{\"@type\":\"BreadcrumbList\",\"@id\":\"https:\/\/cacaorevolution.earth\/hr\/proizvod\/divine-moments-divine-awakening-100-ceremonijalni-sirovi-kakao-blok-450g-cacao-%d1%8fevolution-100-visokokvalitetni-kakao-prah-150g\/#breadcrumb\",\"itemListElement\":[{\"@type\":\"ListItem\",\"position\":1,\"name\":\"Home\",\"item\":\"https:\/\/cacaorevolution.earth\/\"},{\"@type\":\"ListItem\",\"position\":2,\"name\":\"Trgovina\",\"item\":\"https:\/\/cacaorevolution.earth\/hr\/trgovina\/\"},{\"@type\":\"ListItem\",\"position\":3,\"name\":\"DIVINE MOMENTS Divine Awakening 100% Ceremonijalni Sirovi Kakao Blok (450g) + Cacao \u042f:Evolution 100% Visokokvalitetni Kakao Prah (150g)\"}]},{\"@type\":\"WebSite\",\"@id\":\"https:\/\/cacaorevolution.earth\/#website\",\"url\":\"https:\/\/cacaorevolution.earth\/\",\"name\":\"Cacao Revolution\",\"description\":\"Organic ceremonial cacao\",\"potentialAction\":[{\"@type\":\"SearchAction\",\"target\":{\"@type\":\"EntryPoint\",\"urlTemplate\":\"https:\/\/cacaorevolution.earth\/?s={search_term_string}\"},\"query-input\":{\"@type\":\"PropertyValueSpecification\",\"valueRequired\":true,\"valueName\":\"search_term_string\"}}],\"inLanguage\":\"hr\"}]}<\/script>\n<!-- \/ Yoast SEO plugin. -->","yoast_head_json":{"title":"DIVINE MOMENTS Divine Awakening 100% Ceremonijalni Sirovi Kakao Blok (450g) + Cacao \u042f:Evolution 100% Visokokvalitetni Kakao Prah (150g) - Cacao Revolution","robots":{"index":"index","follow":"follow","max-snippet":"max-snippet:-1","max-image-preview":"max-image-preview:large","max-video-preview":"max-video-preview:-1"},"canonical":"https:\/\/cacaorevolution.earth\/hr\/proizvod\/divine-moments-divine-awakening-100-ceremonijalni-sirovi-kakao-blok-450g-cacao-\u044fevolution-100-visokokvalitetni-kakao-prah-150g\/","og_locale":"hr_HR","og_type":"article","og_title":"DIVINE MOMENTS Divine Awakening 100% Ceremonijalni Sirovi Kakao Blok (450g) + Cacao \u042f:Evolution 100% Visokokvalitetni Kakao Prah (150g) - Cacao Revolution","og_description":"Divine Awakening 100% ceremonijalni, sirovi kakao blok (450g) + Cacao \u042f:Evolution kakao prah (150g)","og_url":"https:\/\/cacaorevolution.earth\/hr\/proizvod\/divine-moments-divine-awakening-100-ceremonijalni-sirovi-kakao-blok-450g-cacao-\u044fevolution-100-visokokvalitetni-kakao-prah-150g\/","og_site_name":"Cacao Revolution","article_modified_time":"2026-03-17T12:11:20+00:00","og_image":[{"width":384,"height":353,"url":"https:\/\/cacaorevolution.earth\/wp-content\/uploads\/2026\/03\/CR_Proizvodi_DivineCRprah_33popust.png","type":"image\/png"}],"twitter_card":"summary_large_image","twitter_misc":{"Procijenjeno vrijeme \u010ditanja":"1 minuta"},"schema":{"@context":"https:\/\/schema.org","@graph":[{"@type":["WebPage","ItemPage"],"@id":"https:\/\/cacaorevolution.earth\/hr\/proizvod\/divine-moments-divine-awakening-100-ceremonijalni-sirovi-kakao-blok-450g-cacao-%d1%8fevolution-100-visokokvalitetni-kakao-prah-150g\/","url":"https:\/\/cacaorevolution.earth\/hr\/proizvod\/divine-moments-divine-awakening-100-ceremonijalni-sirovi-kakao-blok-450g-cacao-%d1%8fevolution-100-visokokvalitetni-kakao-prah-150g\/","name":"DIVINE MOMENTS Divine Awakening 100% Ceremonijalni Sirovi Kakao Blok (450g) + Cacao \u042f:Evolution 100% Visokokvalitetni Kakao Prah (150g) - Cacao Revolution","isPartOf":{"@id":"https:\/\/cacaorevolution.earth\/#website"},"primaryImageOfPage":{"@id":"https:\/\/cacaorevolution.earth\/hr\/proizvod\/divine-moments-divine-awakening-100-ceremonijalni-sirovi-kakao-blok-450g-cacao-%d1%8fevolution-100-visokokvalitetni-kakao-prah-150g\/#primaryimage"},"image":{"@id":"https:\/\/cacaorevolution.earth\/hr\/proizvod\/divine-moments-divine-awakening-100-ceremonijalni-sirovi-kakao-blok-450g-cacao-%d1%8fevolution-100-visokokvalitetni-kakao-prah-150g\/#primaryimage"},"thumbnailUrl":"https:\/\/cacaorevolution.earth\/wp-content\/uploads\/2026\/03\/CR_Proizvodi_DivineCRprah_33popust.png","datePublished":"2026-03-16T15:35:50+00:00","dateModified":"2026-03-17T12:11:20+00:00","breadcrumb":{"@id":"https:\/\/cacaorevolution.earth\/hr\/proizvod\/divine-moments-divine-awakening-100-ceremonijalni-sirovi-kakao-blok-450g-cacao-%d1%8fevolution-100-visokokvalitetni-kakao-prah-150g\/#breadcrumb"},"inLanguage":"hr","potentialAction":[{"@type":"ReadAction","target":["https:\/\/cacaorevolution.earth\/hr\/proizvod\/divine-moments-divine-awakening-100-ceremonijalni-sirovi-kakao-blok-450g-cacao-%d1%8fevolution-100-visokokvalitetni-kakao-prah-150g\/"]}]},{"@type":"ImageObject","inLanguage":"hr","@id":"https:\/\/cacaorevolution.earth\/hr\/proizvod\/divine-moments-divine-awakening-100-ceremonijalni-sirovi-kakao-blok-450g-cacao-%d1%8fevolution-100-visokokvalitetni-kakao-prah-150g\/#primaryimage","url":"https:\/\/cacaorevolution.earth\/wp-content\/uploads\/2026\/03\/CR_Proizvodi_DivineCRprah_33popust.png","contentUrl":"https:\/\/cacaorevolution.earth\/wp-content\/uploads\/2026\/03\/CR_Proizvodi_DivineCRprah_33popust.png","width":384,"height":353},{"@type":"BreadcrumbList","@id":"https:\/\/cacaorevolution.earth\/hr\/proizvod\/divine-moments-divine-awakening-100-ceremonijalni-sirovi-kakao-blok-450g-cacao-%d1%8fevolution-100-visokokvalitetni-kakao-prah-150g\/#breadcrumb","itemListElement":[{"@type":"ListItem","position":1,"name":"Home","item":"https:\/\/cacaorevolution.earth\/"},{"@type":"ListItem","position":2,"name":"Trgovina","item":"https:\/\/cacaorevolution.earth\/hr\/trgovina\/"},{"@type":"ListItem","position":3,"name":"DIVINE MOMENTS Divine Awakening 100% Ceremonijalni Sirovi Kakao Blok (450g) + Cacao \u042f:Evolution 100% Visokokvalitetni Kakao Prah (150g)"}]},{"@type":"WebSite","@id":"https:\/\/cacaorevolution.earth\/#website","url":"https:\/\/cacaorevolution.earth\/","name":"Cacao Revolution","description":"Organic ceremonial cacao","potentialAction":[{"@type":"SearchAction","target":{"@type":"EntryPoint","urlTemplate":"https:\/\/cacaorevolution.earth\/?s={search_term_string}"},"query-input":{"@type":"PropertyValueSpecification","valueRequired":true,"valueName":"search_term_string"}}],"inLanguage":"hr"}]}},"_links":{"self":[{"href":"https:\/\/cacaorevolution.earth\/hr\/wp-json\/wp\/v2\/product\/6929","targetHints":{"allow":["GET"]}}],"collection":[{"href":"https:\/\/cacaorevolution.earth\/hr\/wp-json\/wp\/v2\/product"}],"about":[{"href":"https:\/\/cacaorevolution.earth\/hr\/wp-json\/wp\/v2\/types\/product"}],"version-history":[{"count":3,"href":"https:\/\/cacaorevolution.earth\/hr\/wp-json\/wp\/v2\/product\/6929\/revisions"}],"predecessor-version":[{"id":6968,"href":"https:\/\/cacaorevolution.earth\/hr\/wp-json\/wp\/v2\/product\/6929\/revisions\/6968"}],"wp:featuredmedia":[{"embeddable":true,"href":"https:\/\/cacaorevolution.earth\/hr\/wp-json\/wp\/v2\/media\/7022"}],"wp:attachment":[{"href":"https:\/\/cacaorevolution.earth\/hr\/wp-json\/wp\/v2\/media?parent=6929"}],"wp:term":[{"taxonomy":"product_brand","embeddable":true,"href":"https:\/\/cacaorevolution.earth\/hr\/wp-json\/wp\/v2\/product_brand?post=6929"},{"taxonomy":"product_cat","embeddable":true,"href":"https:\/\/cacaorevolution.earth\/hr\/wp-json\/wp\/v2\/product_cat?post=6929"},{"taxonomy":"product_tag","embeddable":true,"href":"https:\/\/cacaorevolution.earth\/hr\/wp-json\/wp\/v2\/product_tag?post=6929"}],"curies":[{"name":"wp","href":"https:\/\/api.w.org\/{rel}","templated":true}]}}