{"id":6590,"date":"2026-02-18T12:10:24","date_gmt":"2026-02-18T12:10:24","guid":{"rendered":"https:\/\/cacaorevolution.earth\/?post_type=product&#038;p=6590"},"modified":"2026-03-17T12:11:39","modified_gmt":"2026-03-17T12:11:39","slug":"spring-harmony-celestial-cacao-100-organske-kusko-kakao-granule-200g-cacao-%d1%8fevolution-100-visokokvalitetni-kakao-prah-300g","status":"publish","type":"product","link":"https:\/\/cacaorevolution.earth\/hr\/proizvod\/spring-harmony-celestial-cacao-100-organske-kusko-kakao-granule-200g-cacao-%d1%8fevolution-100-visokokvalitetni-kakao-prah-300g\/","title":{"rendered":"SPRING HARMONY Celestial Cacao 100% Organske Kusko Kakao Granule (200g) + Cacao \u042f:Evolution 100% Visokokvalitetni Kakao Prah (300g)"},"content":{"rendered":"<p>Zapo\u010dni dan \u010distom energijom i ljubavlju uz najmo\u0107nije saveznike &#8211; revolucionarne kakao proizvode koji pru\u017eaju snagu i fokus, podi\u017eu raspolo\u017eenje i ispunjavaju srce harmoni\u010dnim emocijama.<\/p>\n<p>Organske 100% Kusko kakao granule \u010duvaju u sebi rasko\u0161ne \u010dokoladne i suptilne vo\u0107ne note jedne od najre\u0111ih i najcenjenijih sorti kakaoa na svetu, dok punomasni Cacao \u042f:Evolution kakao prah \u010duva u sebi punu mo\u0107 najpotentnijih kakao zrna sa vi\u0161e krajeva sveta.<\/p>\n<p>Bilo da jutro \u010duva\u0161 za sebe ili ga deli\u0161 sa nekim posebnim, \u0161oljica vrhunskog kakaoa je pravi na\u010din da neguje\u0161 ljubav i sa\u010duva\u0161 vitalnost kroz \u010ditav dan!<\/p>\n<p>U\u010dini svaki dan praznikom ljubavi za du\u0161u i telo!<\/p>\n","protected":false},"excerpt":{"rendered":"<p>Celestial Cacao granule (200g) + Cacao Revolution prah (300g)<\/p>\n","protected":false},"featured_media":7025,"template":"","meta":{"_acf_changed":false,"inline_featured_image":false},"product_brand":[],"product_cat":[37],"product_tag":[],"class_list":{"0":"post-6590","1":"product","2":"type-product","3":"status-publish","4":"has-post-thumbnail","6":"product_cat-uncategorized-hr","8":"first","9":"instock","10":"sale","11":"shipping-taxable","12":"purchasable","13":"product-type-bundle"},"bundled_by":[],"bundle_stock_status":"instock","bundle_stock_quantity":"","bundle_virtual":false,"bundle_layout":"default","bundle_add_to_cart_form_location":"default","bundle_editable_in_cart":false,"bundle_sold_individually_context":"product","bundle_item_grouping":"parent","bundle_min_size":"","bundle_max_size":"","bundle_price":{"price":{"min":{"incl_tax":"28.81","excl_tax":"28.81"},"max":{"incl_tax":"28.81","excl_tax":"28.81"}},"regular_price":{"min":{"incl_tax":"43","excl_tax":"43"},"max":{"incl_tax":"43","excl_tax":"43"}}},"bundled_items":[{"bundled_item_id":33,"product_id":1724,"menu_order":0,"quantity_min":1,"quantity_max":1,"quantity_default":1,"priced_individually":false,"shipped_individually":false,"override_title":false,"title":"Celestial Cacao 100% Organske Kusko Kakao Granule","override_description":false,"description":"","optional":false,"hide_thumbnail":false,"discount":"","override_variations":false,"allowed_variations":[],"override_default_variation_attributes":false,"default_variation_attributes":[],"single_product_visibility":"hidden","cart_visibility":"hidden","order_visibility":"hidden","single_product_price_visibility":"visible","cart_price_visibility":"visible","order_price_visibility":"visible","stock_status":"in_stock"},{"bundled_item_id":66,"product_id":6348,"menu_order":1,"quantity_min":1,"quantity_max":1,"quantity_default":1,"priced_individually":false,"shipped_individually":false,"override_title":false,"title":"Cacao \u042f:Evolution Visokokvalitetni Kakao Prah","override_description":false,"description":"","optional":false,"hide_thumbnail":false,"discount":"","override_variations":true,"allowed_variations":[6350],"override_default_variation_attributes":true,"default_variation_attributes":[{"id":1,"name":"Quantity","option":"300-g-hr"}],"single_product_visibility":"hidden","cart_visibility":"hidden","order_visibility":"hidden","single_product_price_visibility":"visible","cart_price_visibility":"visible","order_price_visibility":"visible","stock_status":"in_stock"}],"bundle_sell_ids":[],"acf":[],"yoast_head":"<!-- This site is optimized with the Yoast SEO plugin v25.2 - https:\/\/yoast.com\/wordpress\/plugins\/seo\/ -->\n<title>SPRING HARMONY Celestial Cacao 100% Organske Kusko Kakao Granule (200g) + Cacao \u042f:Evolution 100% Visokokvalitetni Kakao Prah (300g) - Cacao Revolution<\/title>\n<meta name=\"robots\" content=\"index, follow, max-snippet:-1, max-image-preview:large, max-video-preview:-1\" \/>\n<link rel=\"canonical\" href=\"https:\/\/cacaorevolution.earth\/hr\/proizvod\/spring-harmony-celestial-cacao-100-organske-kusko-kakao-granule-200g-cacao-\u044fevolution-100-visokokvalitetni-kakao-prah-300g\/\" \/>\n<meta property=\"og:locale\" content=\"hr_HR\" \/>\n<meta property=\"og:type\" content=\"article\" \/>\n<meta property=\"og:title\" content=\"SPRING HARMONY Celestial Cacao 100% Organske Kusko Kakao Granule (200g) + Cacao \u042f:Evolution 100% Visokokvalitetni Kakao Prah (300g) - Cacao Revolution\" \/>\n<meta property=\"og:description\" content=\"Celestial Cacao granule (200g) + Cacao Revolution prah (300g)\" \/>\n<meta property=\"og:url\" content=\"https:\/\/cacaorevolution.earth\/hr\/proizvod\/spring-harmony-celestial-cacao-100-organske-kusko-kakao-granule-200g-cacao-\u044fevolution-100-visokokvalitetni-kakao-prah-300g\/\" \/>\n<meta property=\"og:site_name\" content=\"Cacao Revolution\" \/>\n<meta property=\"article:modified_time\" content=\"2026-03-17T12:11:39+00:00\" \/>\n<meta property=\"og:image\" content=\"https:\/\/cacaorevolution.earth\/wp-content\/uploads\/2026\/02\/CR_Proizvodi_CelestialCRprah_33popust.png\" \/>\n\t<meta property=\"og:image:width\" content=\"384\" \/>\n\t<meta property=\"og:image:height\" content=\"353\" \/>\n\t<meta property=\"og:image:type\" content=\"image\/png\" \/>\n<meta name=\"twitter:card\" content=\"summary_large_image\" \/>\n<meta name=\"twitter:label1\" content=\"Procijenjeno vrijeme \u010ditanja\" \/>\n\t<meta name=\"twitter:data1\" content=\"1 minuta\" \/>\n<script type=\"application\/ld+json\" class=\"yoast-schema-graph\">{\"@context\":\"https:\/\/schema.org\",\"@graph\":[{\"@type\":[\"WebPage\",\"ItemPage\"],\"@id\":\"https:\/\/cacaorevolution.earth\/hr\/proizvod\/spring-harmony-celestial-cacao-100-organske-kusko-kakao-granule-200g-cacao-%d1%8fevolution-100-visokokvalitetni-kakao-prah-300g\/\",\"url\":\"https:\/\/cacaorevolution.earth\/hr\/proizvod\/spring-harmony-celestial-cacao-100-organske-kusko-kakao-granule-200g-cacao-%d1%8fevolution-100-visokokvalitetni-kakao-prah-300g\/\",\"name\":\"SPRING HARMONY Celestial Cacao 100% Organske Kusko Kakao Granule (200g) + Cacao \u042f:Evolution 100% Visokokvalitetni Kakao Prah (300g) - Cacao Revolution\",\"isPartOf\":{\"@id\":\"https:\/\/cacaorevolution.earth\/#website\"},\"primaryImageOfPage\":{\"@id\":\"https:\/\/cacaorevolution.earth\/hr\/proizvod\/spring-harmony-celestial-cacao-100-organske-kusko-kakao-granule-200g-cacao-%d1%8fevolution-100-visokokvalitetni-kakao-prah-300g\/#primaryimage\"},\"image\":{\"@id\":\"https:\/\/cacaorevolution.earth\/hr\/proizvod\/spring-harmony-celestial-cacao-100-organske-kusko-kakao-granule-200g-cacao-%d1%8fevolution-100-visokokvalitetni-kakao-prah-300g\/#primaryimage\"},\"thumbnailUrl\":\"https:\/\/cacaorevolution.earth\/wp-content\/uploads\/2026\/02\/CR_Proizvodi_CelestialCRprah_33popust.png\",\"datePublished\":\"2026-02-18T12:10:24+00:00\",\"dateModified\":\"2026-03-17T12:11:39+00:00\",\"breadcrumb\":{\"@id\":\"https:\/\/cacaorevolution.earth\/hr\/proizvod\/spring-harmony-celestial-cacao-100-organske-kusko-kakao-granule-200g-cacao-%d1%8fevolution-100-visokokvalitetni-kakao-prah-300g\/#breadcrumb\"},\"inLanguage\":\"hr\",\"potentialAction\":[{\"@type\":\"ReadAction\",\"target\":[\"https:\/\/cacaorevolution.earth\/hr\/proizvod\/spring-harmony-celestial-cacao-100-organske-kusko-kakao-granule-200g-cacao-%d1%8fevolution-100-visokokvalitetni-kakao-prah-300g\/\"]}]},{\"@type\":\"ImageObject\",\"inLanguage\":\"hr\",\"@id\":\"https:\/\/cacaorevolution.earth\/hr\/proizvod\/spring-harmony-celestial-cacao-100-organske-kusko-kakao-granule-200g-cacao-%d1%8fevolution-100-visokokvalitetni-kakao-prah-300g\/#primaryimage\",\"url\":\"https:\/\/cacaorevolution.earth\/wp-content\/uploads\/2026\/02\/CR_Proizvodi_CelestialCRprah_33popust.png\",\"contentUrl\":\"https:\/\/cacaorevolution.earth\/wp-content\/uploads\/2026\/02\/CR_Proizvodi_CelestialCRprah_33popust.png\",\"width\":384,\"height\":353},{\"@type\":\"BreadcrumbList\",\"@id\":\"https:\/\/cacaorevolution.earth\/hr\/proizvod\/spring-harmony-celestial-cacao-100-organske-kusko-kakao-granule-200g-cacao-%d1%8fevolution-100-visokokvalitetni-kakao-prah-300g\/#breadcrumb\",\"itemListElement\":[{\"@type\":\"ListItem\",\"position\":1,\"name\":\"Home\",\"item\":\"https:\/\/cacaorevolution.earth\/\"},{\"@type\":\"ListItem\",\"position\":2,\"name\":\"Trgovina\",\"item\":\"https:\/\/cacaorevolution.earth\/hr\/trgovina\/\"},{\"@type\":\"ListItem\",\"position\":3,\"name\":\"SPRING HARMONY Celestial Cacao 100% Organske Kusko Kakao Granule (200g) + Cacao \u042f:Evolution 100% Visokokvalitetni Kakao Prah (300g)\"}]},{\"@type\":\"WebSite\",\"@id\":\"https:\/\/cacaorevolution.earth\/#website\",\"url\":\"https:\/\/cacaorevolution.earth\/\",\"name\":\"Cacao Revolution\",\"description\":\"Organic ceremonial cacao\",\"potentialAction\":[{\"@type\":\"SearchAction\",\"target\":{\"@type\":\"EntryPoint\",\"urlTemplate\":\"https:\/\/cacaorevolution.earth\/?s={search_term_string}\"},\"query-input\":{\"@type\":\"PropertyValueSpecification\",\"valueRequired\":true,\"valueName\":\"search_term_string\"}}],\"inLanguage\":\"hr\"}]}<\/script>\n<!-- \/ Yoast SEO plugin. -->","yoast_head_json":{"title":"SPRING HARMONY Celestial Cacao 100% Organske Kusko Kakao Granule (200g) + Cacao \u042f:Evolution 100% Visokokvalitetni Kakao Prah (300g) - Cacao Revolution","robots":{"index":"index","follow":"follow","max-snippet":"max-snippet:-1","max-image-preview":"max-image-preview:large","max-video-preview":"max-video-preview:-1"},"canonical":"https:\/\/cacaorevolution.earth\/hr\/proizvod\/spring-harmony-celestial-cacao-100-organske-kusko-kakao-granule-200g-cacao-\u044fevolution-100-visokokvalitetni-kakao-prah-300g\/","og_locale":"hr_HR","og_type":"article","og_title":"SPRING HARMONY Celestial Cacao 100% Organske Kusko Kakao Granule (200g) + Cacao \u042f:Evolution 100% Visokokvalitetni Kakao Prah (300g) - Cacao Revolution","og_description":"Celestial Cacao granule (200g) + Cacao Revolution prah (300g)","og_url":"https:\/\/cacaorevolution.earth\/hr\/proizvod\/spring-harmony-celestial-cacao-100-organske-kusko-kakao-granule-200g-cacao-\u044fevolution-100-visokokvalitetni-kakao-prah-300g\/","og_site_name":"Cacao Revolution","article_modified_time":"2026-03-17T12:11:39+00:00","og_image":[{"width":384,"height":353,"url":"https:\/\/cacaorevolution.earth\/wp-content\/uploads\/2026\/02\/CR_Proizvodi_CelestialCRprah_33popust.png","type":"image\/png"}],"twitter_card":"summary_large_image","twitter_misc":{"Procijenjeno vrijeme \u010ditanja":"1 minuta"},"schema":{"@context":"https:\/\/schema.org","@graph":[{"@type":["WebPage","ItemPage"],"@id":"https:\/\/cacaorevolution.earth\/hr\/proizvod\/spring-harmony-celestial-cacao-100-organske-kusko-kakao-granule-200g-cacao-%d1%8fevolution-100-visokokvalitetni-kakao-prah-300g\/","url":"https:\/\/cacaorevolution.earth\/hr\/proizvod\/spring-harmony-celestial-cacao-100-organske-kusko-kakao-granule-200g-cacao-%d1%8fevolution-100-visokokvalitetni-kakao-prah-300g\/","name":"SPRING HARMONY Celestial Cacao 100% Organske Kusko Kakao Granule (200g) + Cacao \u042f:Evolution 100% Visokokvalitetni Kakao Prah (300g) - Cacao Revolution","isPartOf":{"@id":"https:\/\/cacaorevolution.earth\/#website"},"primaryImageOfPage":{"@id":"https:\/\/cacaorevolution.earth\/hr\/proizvod\/spring-harmony-celestial-cacao-100-organske-kusko-kakao-granule-200g-cacao-%d1%8fevolution-100-visokokvalitetni-kakao-prah-300g\/#primaryimage"},"image":{"@id":"https:\/\/cacaorevolution.earth\/hr\/proizvod\/spring-harmony-celestial-cacao-100-organske-kusko-kakao-granule-200g-cacao-%d1%8fevolution-100-visokokvalitetni-kakao-prah-300g\/#primaryimage"},"thumbnailUrl":"https:\/\/cacaorevolution.earth\/wp-content\/uploads\/2026\/02\/CR_Proizvodi_CelestialCRprah_33popust.png","datePublished":"2026-02-18T12:10:24+00:00","dateModified":"2026-03-17T12:11:39+00:00","breadcrumb":{"@id":"https:\/\/cacaorevolution.earth\/hr\/proizvod\/spring-harmony-celestial-cacao-100-organske-kusko-kakao-granule-200g-cacao-%d1%8fevolution-100-visokokvalitetni-kakao-prah-300g\/#breadcrumb"},"inLanguage":"hr","potentialAction":[{"@type":"ReadAction","target":["https:\/\/cacaorevolution.earth\/hr\/proizvod\/spring-harmony-celestial-cacao-100-organske-kusko-kakao-granule-200g-cacao-%d1%8fevolution-100-visokokvalitetni-kakao-prah-300g\/"]}]},{"@type":"ImageObject","inLanguage":"hr","@id":"https:\/\/cacaorevolution.earth\/hr\/proizvod\/spring-harmony-celestial-cacao-100-organske-kusko-kakao-granule-200g-cacao-%d1%8fevolution-100-visokokvalitetni-kakao-prah-300g\/#primaryimage","url":"https:\/\/cacaorevolution.earth\/wp-content\/uploads\/2026\/02\/CR_Proizvodi_CelestialCRprah_33popust.png","contentUrl":"https:\/\/cacaorevolution.earth\/wp-content\/uploads\/2026\/02\/CR_Proizvodi_CelestialCRprah_33popust.png","width":384,"height":353},{"@type":"BreadcrumbList","@id":"https:\/\/cacaorevolution.earth\/hr\/proizvod\/spring-harmony-celestial-cacao-100-organske-kusko-kakao-granule-200g-cacao-%d1%8fevolution-100-visokokvalitetni-kakao-prah-300g\/#breadcrumb","itemListElement":[{"@type":"ListItem","position":1,"name":"Home","item":"https:\/\/cacaorevolution.earth\/"},{"@type":"ListItem","position":2,"name":"Trgovina","item":"https:\/\/cacaorevolution.earth\/hr\/trgovina\/"},{"@type":"ListItem","position":3,"name":"SPRING HARMONY Celestial Cacao 100% Organske Kusko Kakao Granule (200g) + Cacao \u042f:Evolution 100% Visokokvalitetni Kakao Prah (300g)"}]},{"@type":"WebSite","@id":"https:\/\/cacaorevolution.earth\/#website","url":"https:\/\/cacaorevolution.earth\/","name":"Cacao Revolution","description":"Organic ceremonial cacao","potentialAction":[{"@type":"SearchAction","target":{"@type":"EntryPoint","urlTemplate":"https:\/\/cacaorevolution.earth\/?s={search_term_string}"},"query-input":{"@type":"PropertyValueSpecification","valueRequired":true,"valueName":"search_term_string"}}],"inLanguage":"hr"}]}},"_links":{"self":[{"href":"https:\/\/cacaorevolution.earth\/hr\/wp-json\/wp\/v2\/product\/6590","targetHints":{"allow":["GET"]}}],"collection":[{"href":"https:\/\/cacaorevolution.earth\/hr\/wp-json\/wp\/v2\/product"}],"about":[{"href":"https:\/\/cacaorevolution.earth\/hr\/wp-json\/wp\/v2\/types\/product"}],"version-history":[{"count":6,"href":"https:\/\/cacaorevolution.earth\/hr\/wp-json\/wp\/v2\/product\/6590\/revisions"}],"predecessor-version":[{"id":6969,"href":"https:\/\/cacaorevolution.earth\/hr\/wp-json\/wp\/v2\/product\/6590\/revisions\/6969"}],"wp:featuredmedia":[{"embeddable":true,"href":"https:\/\/cacaorevolution.earth\/hr\/wp-json\/wp\/v2\/media\/7025"}],"wp:attachment":[{"href":"https:\/\/cacaorevolution.earth\/hr\/wp-json\/wp\/v2\/media?parent=6590"}],"wp:term":[{"taxonomy":"product_brand","embeddable":true,"href":"https:\/\/cacaorevolution.earth\/hr\/wp-json\/wp\/v2\/product_brand?post=6590"},{"taxonomy":"product_cat","embeddable":true,"href":"https:\/\/cacaorevolution.earth\/hr\/wp-json\/wp\/v2\/product_cat?post=6590"},{"taxonomy":"product_tag","embeddable":true,"href":"https:\/\/cacaorevolution.earth\/hr\/wp-json\/wp\/v2\/product_tag?post=6590"}],"curies":[{"name":"wp","href":"https:\/\/api.w.org\/{rel}","templated":true}]}}