{"id":6588,"date":"2026-02-18T12:09:57","date_gmt":"2026-02-18T12:09:57","guid":{"rendered":"https:\/\/cacaorevolution.earth\/?post_type=product&#038;p=6588"},"modified":"2026-04-01T12:44:44","modified_gmt":"2026-04-01T12:44:44","slug":"kokos-duo-2x-100-prirodni-kakao-napitak-sa-kokosom","status":"publish","type":"product","link":"https:\/\/cacaorevolution.earth\/hr\/proizvod\/kokos-duo-2x-100-prirodni-kakao-napitak-sa-kokosom\/","title":{"rendered":"KOKOS DUO 2x 100% prirodni kakao napitak sa kokosom"},"content":{"rendered":"<h2><strong>CACAO \u042f:EVOLUTION<\/strong><\/h2>\n<h4><strong>VAM PREDSTAVLJA<\/strong><\/h4>\n<p style=\"text-align: left;\">KAKAO NAPITAK KOJI \u0106E VAM NA POTPUNO <strong>PRIRODAN I ZDRAV NA\u010cIN POJA\u010cATI \u017dIVOTNU ENERGIJU I SMANJITI UMOR<\/strong>. KAO VA\u0160I NOVI SAVEZNICI U BORBI PROTIV STRESA, NA\u0160I KAKAO NAPICI \u0106E POSPE\u0160ITI OSLOBA\u0110ANJE HORMONA SRE\u0106E (SEROTONINA), UNOSE\u0106U RADOST U VA\u0160 \u017dIVOT SA SVAKIM GUTLJAJEM.<\/p>\n<p style=\"text-align: left;\"><strong>100% PRIRODNI SASTOJCI<\/strong><\/p>\n<p style=\"text-align: left;\">Visokokvalitetni punomasni kakao prah selekcije zrna sa 22% kakao butera, kokosovo mleko, kokosova mast, kokosovo bra\u0161no, kokosov \u0161e\u0107er, organske urme u prahu,\u00a0prirodni zgu\u0161njiva\u010d (arapska guma)<\/p>\n<p style=\"font-weight: 400; text-align: left;\"><strong>RITUAL PRIPREME ZA SAVR\u0160EN U\u017dITAK:<\/strong><\/p>\n<ol style=\"text-align: left;\">\n<li>Kakao me\u0161avinu iz kesice (20g) jednostavno sipajte u \u0161olju<\/li>\n<li>Dodajte <strong>125-150ml tople vode<\/strong> temperature do 50C<\/li>\n<li>Po \u017eelji, radi dodatne puno\u0107e ukusa, <strong>dodati 20ml biljnog mleka<\/strong><\/li>\n<li><strong>Dobro prome\u0161ajte<\/strong>, idealno sa blenderom ili ru\u010dnim mikserom, kako biste otklju\u010dali pun ukus<\/li>\n<\/ol>\n<p style=\"text-align: left;\"><strong>Pakovanje sadr\u017ei 10 porcija od 20g.<\/strong><\/p>\n","protected":false},"excerpt":{"rendered":"<p>100% PRIRODNI SASTOJCI<\/p>\n","protected":false},"featured_media":6990,"template":"","meta":{"_acf_changed":false,"inline_featured_image":false},"product_brand":[],"product_cat":[37],"product_tag":[],"class_list":{"0":"post-6588","1":"product","2":"type-product","3":"status-publish","4":"has-post-thumbnail","6":"product_cat-uncategorized-hr","8":"first","9":"instock","10":"sale","11":"shipping-taxable","12":"purchasable","13":"product-type-bundle"},"bundled_by":[],"bundle_stock_status":"instock","bundle_stock_quantity":"","bundle_virtual":false,"bundle_layout":"default","bundle_add_to_cart_form_location":"default","bundle_editable_in_cart":false,"bundle_sold_individually_context":"product","bundle_item_grouping":"parent","bundle_min_size":"","bundle_max_size":"","bundle_price":{"price":{"min":{"incl_tax":"26.67","excl_tax":"26.67"},"max":{"incl_tax":"26.67","excl_tax":"26.67"}},"regular_price":{"min":{"incl_tax":"39.8","excl_tax":"39.8"},"max":{"incl_tax":"39.8","excl_tax":"39.8"}}},"bundled_items":[{"bundled_item_id":30,"product_id":2971,"menu_order":0,"quantity_min":2,"quantity_max":2,"quantity_default":2,"priced_individually":false,"shipped_individually":false,"override_title":false,"title":"100% prirodni kakao napitak sa kokosom","override_description":false,"description":"","optional":false,"hide_thumbnail":false,"discount":"","override_variations":false,"allowed_variations":[],"override_default_variation_attributes":false,"default_variation_attributes":[],"single_product_visibility":"hidden","cart_visibility":"hidden","order_visibility":"hidden","single_product_price_visibility":"visible","cart_price_visibility":"visible","order_price_visibility":"visible","stock_status":"in_stock"}],"bundle_sell_ids":[],"acf":[],"yoast_head":"<!-- This site is optimized with the Yoast SEO plugin v25.2 - https:\/\/yoast.com\/wordpress\/plugins\/seo\/ -->\n<title>KOKOS DUO 2x 100% prirodni kakao napitak sa kokosom - Cacao Revolution<\/title>\n<meta name=\"robots\" content=\"index, follow, max-snippet:-1, max-image-preview:large, max-video-preview:-1\" \/>\n<link rel=\"canonical\" href=\"https:\/\/cacaorevolution.earth\/hr\/proizvod\/kokos-duo-2x-100-prirodni-kakao-napitak-sa-kokosom\/\" \/>\n<meta property=\"og:locale\" content=\"hr_HR\" \/>\n<meta property=\"og:type\" content=\"article\" \/>\n<meta property=\"og:title\" content=\"KOKOS DUO 2x 100% prirodni kakao napitak sa kokosom - Cacao Revolution\" \/>\n<meta property=\"og:description\" content=\"100% PRIRODNI SASTOJCI\" \/>\n<meta property=\"og:url\" content=\"https:\/\/cacaorevolution.earth\/hr\/proizvod\/kokos-duo-2x-100-prirodni-kakao-napitak-sa-kokosom\/\" \/>\n<meta property=\"og:site_name\" content=\"Cacao Revolution\" \/>\n<meta property=\"article:modified_time\" content=\"2026-04-01T12:44:44+00:00\" \/>\n<meta property=\"og:image\" content=\"https:\/\/cacaorevolution.earth\/wp-content\/uploads\/2026\/03\/2xKokos-_33.png\" \/>\n\t<meta property=\"og:image:width\" content=\"384\" \/>\n\t<meta property=\"og:image:height\" content=\"353\" \/>\n\t<meta property=\"og:image:type\" content=\"image\/png\" \/>\n<meta name=\"twitter:card\" content=\"summary_large_image\" \/>\n<meta name=\"twitter:label1\" content=\"Procijenjeno vrijeme \u010ditanja\" \/>\n\t<meta name=\"twitter:data1\" content=\"1 minuta\" \/>\n<script type=\"application\/ld+json\" class=\"yoast-schema-graph\">{\"@context\":\"https:\/\/schema.org\",\"@graph\":[{\"@type\":[\"WebPage\",\"ItemPage\"],\"@id\":\"https:\/\/cacaorevolution.earth\/hr\/proizvod\/kokos-duo-2x-100-prirodni-kakao-napitak-sa-kokosom\/\",\"url\":\"https:\/\/cacaorevolution.earth\/hr\/proizvod\/kokos-duo-2x-100-prirodni-kakao-napitak-sa-kokosom\/\",\"name\":\"KOKOS DUO 2x 100% prirodni kakao napitak sa kokosom - Cacao Revolution\",\"isPartOf\":{\"@id\":\"https:\/\/cacaorevolution.earth\/#website\"},\"primaryImageOfPage\":{\"@id\":\"https:\/\/cacaorevolution.earth\/hr\/proizvod\/kokos-duo-2x-100-prirodni-kakao-napitak-sa-kokosom\/#primaryimage\"},\"image\":{\"@id\":\"https:\/\/cacaorevolution.earth\/hr\/proizvod\/kokos-duo-2x-100-prirodni-kakao-napitak-sa-kokosom\/#primaryimage\"},\"thumbnailUrl\":\"https:\/\/cacaorevolution.earth\/wp-content\/uploads\/2026\/03\/2xKokos-_33.png\",\"datePublished\":\"2026-02-18T12:09:57+00:00\",\"dateModified\":\"2026-04-01T12:44:44+00:00\",\"breadcrumb\":{\"@id\":\"https:\/\/cacaorevolution.earth\/hr\/proizvod\/kokos-duo-2x-100-prirodni-kakao-napitak-sa-kokosom\/#breadcrumb\"},\"inLanguage\":\"hr\",\"potentialAction\":[{\"@type\":\"ReadAction\",\"target\":[\"https:\/\/cacaorevolution.earth\/hr\/proizvod\/kokos-duo-2x-100-prirodni-kakao-napitak-sa-kokosom\/\"]}]},{\"@type\":\"ImageObject\",\"inLanguage\":\"hr\",\"@id\":\"https:\/\/cacaorevolution.earth\/hr\/proizvod\/kokos-duo-2x-100-prirodni-kakao-napitak-sa-kokosom\/#primaryimage\",\"url\":\"https:\/\/cacaorevolution.earth\/wp-content\/uploads\/2026\/03\/2xKokos-_33.png\",\"contentUrl\":\"https:\/\/cacaorevolution.earth\/wp-content\/uploads\/2026\/03\/2xKokos-_33.png\",\"width\":384,\"height\":353},{\"@type\":\"BreadcrumbList\",\"@id\":\"https:\/\/cacaorevolution.earth\/hr\/proizvod\/kokos-duo-2x-100-prirodni-kakao-napitak-sa-kokosom\/#breadcrumb\",\"itemListElement\":[{\"@type\":\"ListItem\",\"position\":1,\"name\":\"Home\",\"item\":\"https:\/\/cacaorevolution.earth\/\"},{\"@type\":\"ListItem\",\"position\":2,\"name\":\"Trgovina\",\"item\":\"https:\/\/cacaorevolution.earth\/hr\/trgovina\/\"},{\"@type\":\"ListItem\",\"position\":3,\"name\":\"KOKOS DUO 2x 100% prirodni kakao napitak sa kokosom\"}]},{\"@type\":\"WebSite\",\"@id\":\"https:\/\/cacaorevolution.earth\/#website\",\"url\":\"https:\/\/cacaorevolution.earth\/\",\"name\":\"Cacao Revolution\",\"description\":\"Organic ceremonial cacao\",\"potentialAction\":[{\"@type\":\"SearchAction\",\"target\":{\"@type\":\"EntryPoint\",\"urlTemplate\":\"https:\/\/cacaorevolution.earth\/?s={search_term_string}\"},\"query-input\":{\"@type\":\"PropertyValueSpecification\",\"valueRequired\":true,\"valueName\":\"search_term_string\"}}],\"inLanguage\":\"hr\"}]}<\/script>\n<!-- \/ Yoast SEO plugin. -->","yoast_head_json":{"title":"KOKOS DUO 2x 100% prirodni kakao napitak sa kokosom - Cacao Revolution","robots":{"index":"index","follow":"follow","max-snippet":"max-snippet:-1","max-image-preview":"max-image-preview:large","max-video-preview":"max-video-preview:-1"},"canonical":"https:\/\/cacaorevolution.earth\/hr\/proizvod\/kokos-duo-2x-100-prirodni-kakao-napitak-sa-kokosom\/","og_locale":"hr_HR","og_type":"article","og_title":"KOKOS DUO 2x 100% prirodni kakao napitak sa kokosom - Cacao Revolution","og_description":"100% PRIRODNI SASTOJCI","og_url":"https:\/\/cacaorevolution.earth\/hr\/proizvod\/kokos-duo-2x-100-prirodni-kakao-napitak-sa-kokosom\/","og_site_name":"Cacao Revolution","article_modified_time":"2026-04-01T12:44:44+00:00","og_image":[{"width":384,"height":353,"url":"https:\/\/cacaorevolution.earth\/wp-content\/uploads\/2026\/03\/2xKokos-_33.png","type":"image\/png"}],"twitter_card":"summary_large_image","twitter_misc":{"Procijenjeno vrijeme \u010ditanja":"1 minuta"},"schema":{"@context":"https:\/\/schema.org","@graph":[{"@type":["WebPage","ItemPage"],"@id":"https:\/\/cacaorevolution.earth\/hr\/proizvod\/kokos-duo-2x-100-prirodni-kakao-napitak-sa-kokosom\/","url":"https:\/\/cacaorevolution.earth\/hr\/proizvod\/kokos-duo-2x-100-prirodni-kakao-napitak-sa-kokosom\/","name":"KOKOS DUO 2x 100% prirodni kakao napitak sa kokosom - Cacao Revolution","isPartOf":{"@id":"https:\/\/cacaorevolution.earth\/#website"},"primaryImageOfPage":{"@id":"https:\/\/cacaorevolution.earth\/hr\/proizvod\/kokos-duo-2x-100-prirodni-kakao-napitak-sa-kokosom\/#primaryimage"},"image":{"@id":"https:\/\/cacaorevolution.earth\/hr\/proizvod\/kokos-duo-2x-100-prirodni-kakao-napitak-sa-kokosom\/#primaryimage"},"thumbnailUrl":"https:\/\/cacaorevolution.earth\/wp-content\/uploads\/2026\/03\/2xKokos-_33.png","datePublished":"2026-02-18T12:09:57+00:00","dateModified":"2026-04-01T12:44:44+00:00","breadcrumb":{"@id":"https:\/\/cacaorevolution.earth\/hr\/proizvod\/kokos-duo-2x-100-prirodni-kakao-napitak-sa-kokosom\/#breadcrumb"},"inLanguage":"hr","potentialAction":[{"@type":"ReadAction","target":["https:\/\/cacaorevolution.earth\/hr\/proizvod\/kokos-duo-2x-100-prirodni-kakao-napitak-sa-kokosom\/"]}]},{"@type":"ImageObject","inLanguage":"hr","@id":"https:\/\/cacaorevolution.earth\/hr\/proizvod\/kokos-duo-2x-100-prirodni-kakao-napitak-sa-kokosom\/#primaryimage","url":"https:\/\/cacaorevolution.earth\/wp-content\/uploads\/2026\/03\/2xKokos-_33.png","contentUrl":"https:\/\/cacaorevolution.earth\/wp-content\/uploads\/2026\/03\/2xKokos-_33.png","width":384,"height":353},{"@type":"BreadcrumbList","@id":"https:\/\/cacaorevolution.earth\/hr\/proizvod\/kokos-duo-2x-100-prirodni-kakao-napitak-sa-kokosom\/#breadcrumb","itemListElement":[{"@type":"ListItem","position":1,"name":"Home","item":"https:\/\/cacaorevolution.earth\/"},{"@type":"ListItem","position":2,"name":"Trgovina","item":"https:\/\/cacaorevolution.earth\/hr\/trgovina\/"},{"@type":"ListItem","position":3,"name":"KOKOS DUO 2x 100% prirodni kakao napitak sa kokosom"}]},{"@type":"WebSite","@id":"https:\/\/cacaorevolution.earth\/#website","url":"https:\/\/cacaorevolution.earth\/","name":"Cacao Revolution","description":"Organic ceremonial cacao","potentialAction":[{"@type":"SearchAction","target":{"@type":"EntryPoint","urlTemplate":"https:\/\/cacaorevolution.earth\/?s={search_term_string}"},"query-input":{"@type":"PropertyValueSpecification","valueRequired":true,"valueName":"search_term_string"}}],"inLanguage":"hr"}]}},"_links":{"self":[{"href":"https:\/\/cacaorevolution.earth\/hr\/wp-json\/wp\/v2\/product\/6588","targetHints":{"allow":["GET"]}}],"collection":[{"href":"https:\/\/cacaorevolution.earth\/hr\/wp-json\/wp\/v2\/product"}],"about":[{"href":"https:\/\/cacaorevolution.earth\/hr\/wp-json\/wp\/v2\/types\/product"}],"version-history":[{"count":6,"href":"https:\/\/cacaorevolution.earth\/hr\/wp-json\/wp\/v2\/product\/6588\/revisions"}],"predecessor-version":[{"id":7167,"href":"https:\/\/cacaorevolution.earth\/hr\/wp-json\/wp\/v2\/product\/6588\/revisions\/7167"}],"wp:featuredmedia":[{"embeddable":true,"href":"https:\/\/cacaorevolution.earth\/hr\/wp-json\/wp\/v2\/media\/6990"}],"wp:attachment":[{"href":"https:\/\/cacaorevolution.earth\/hr\/wp-json\/wp\/v2\/media?parent=6588"}],"wp:term":[{"taxonomy":"product_brand","embeddable":true,"href":"https:\/\/cacaorevolution.earth\/hr\/wp-json\/wp\/v2\/product_brand?post=6588"},{"taxonomy":"product_cat","embeddable":true,"href":"https:\/\/cacaorevolution.earth\/hr\/wp-json\/wp\/v2\/product_cat?post=6588"},{"taxonomy":"product_tag","embeddable":true,"href":"https:\/\/cacaorevolution.earth\/hr\/wp-json\/wp\/v2\/product_tag?post=6588"}],"curies":[{"name":"wp","href":"https:\/\/api.w.org\/{rel}","templated":true}]}}