{"id":6371,"date":"2026-01-11T00:56:51","date_gmt":"2026-01-11T00:56:51","guid":{"rendered":"https:\/\/cacaorevolution.earth\/?post_type=product&#038;p=6371"},"modified":"2026-04-01T12:52:06","modified_gmt":"2026-04-01T12:52:06","slug":"100-prirodni-kakao-napitak-sa-kokosom","status":"publish","type":"product","link":"https:\/\/cacaorevolution.earth\/hr\/proizvod\/100-prirodni-kakao-napitak-sa-kokosom\/","title":{"rendered":"100% prirodni kakao napitak sa kokosom"},"content":{"rendered":"\t\t<div data-elementor-type=\"product-post\" data-elementor-id=\"6371\" class=\"elementor elementor-6371\" data-elementor-post-type=\"product\">\n\t\t\t\t<div class=\"elementor-element elementor-element-77cfe1d e-flex e-con-boxed e-con e-parent\" data-id=\"77cfe1d\" data-element_type=\"container\">\n\t\t\t\t\t<div class=\"e-con-inner\">\n\t\t\t\t<div class=\"elementor-element elementor-element-4206f4e9 elementor-widget elementor-widget-text-editor\" data-id=\"4206f4e9\" data-element_type=\"widget\" data-widget_type=\"text-editor.default\">\n\t\t\t\t<div class=\"elementor-widget-container\">\n\t\t\t\t\t\t\t\t\t<h2><strong>CACAO \u042f:EVOLUTION<\/strong><\/h2><h4><strong>VAM PREDSTAVLJA<\/strong><\/h4><p style=\"text-align: left;\">KAKAO NAPITAK KOJI \u0106E VAM NA POTPUNO <strong>PRIRODAN I ZDRAV NA\u010cIN POJA\u010cATI \u017dIVOTNU ENERGIJU I SMANJITI UMOR<\/strong>. KAO VA\u0160I NOVI SAVEZNICI U BORBI PROTIV STRESA, NA\u0160I KAKAO NAPICI \u0106E POSPE\u0160ITI OSLOBA\u0110ANJE HORMONA SRE\u0106E (SEROTONINA), UNOSE\u0106U RADOST U VA\u0160 \u017dIVOT SA SVAKIM GUTLJAJEM.<\/p><p style=\"text-align: left;\"><strong>100% PRIRODNI SASTOJCI<\/strong><\/p><p style=\"text-align: left;\">Visokokvalitetni punomasni kakao prah selekcije zrna sa 22% kakao butera, kokosovo mleko, kokosova mast, kokosovo bra\u0161no, kokosov \u0161e\u0107er, organske urme u prahu,\u00a0prirodni zgu\u0161njiva\u010d (arapska guma)<\/p><p style=\"font-weight: 400; text-align: left;\"><strong>RITUAL PRIPREME ZA SAVR\u0160EN U\u017dITAK:<\/strong><\/p><ol style=\"text-align: left;\"><li>Kakao me\u0161avinu iz kesice (20g) jednostavno sipajte u \u0161olju<\/li><li>Dodajte <strong>125-150ml tople vode<\/strong> temperature do 50C<\/li><li>Po \u017eelji, radi dodatne puno\u0107e ukusa, <strong>dodati 20ml biljnog mleka<\/strong><\/li><li><strong>Dobro prome\u0161ajte<\/strong>, idealno sa blenderom ili ru\u010dnim mikserom, kako biste otklju\u010dali pun ukus<\/li><\/ol><p style=\"text-align: left;\"><strong>Pakovanje sadr\u017ei 10 porcija od 20g.<\/strong><\/p><p><span style=\"color: #ff4d4d;\"><strong>Napomena<\/strong>: Prikazana cijena je promotivna i obra\u010dunata sa <strong>20% popusta<\/strong>.<\/span><\/p>\t\t\t\t\t\t\t\t<\/div>\n\t\t\t\t<\/div>\n\t\t\t\t\t<\/div>\n\t\t\t\t<\/div>\n\t\t\t\t<\/div>\n\t\t","protected":false},"excerpt":{"rendered":"<p>100% PRIRODNI SASTOJCI<\/p>\n","protected":false},"featured_media":4281,"template":"","meta":{"_acf_changed":false,"inline_featured_image":false},"product_brand":[],"product_cat":[37],"product_tag":[86],"class_list":{"0":"post-6371","1":"product","2":"type-product","3":"status-publish","4":"has-post-thumbnail","6":"product_cat-uncategorized-hr","7":"product_tag-novi","9":"first","10":"instock","11":"sale","12":"featured","13":"shipping-taxable","14":"purchasable","15":"product-type-simple"},"bundled_by":[],"bundle_stock_status":"instock","bundle_stock_quantity":null,"bundle_virtual":false,"bundle_layout":"","bundle_add_to_cart_form_location":"","bundle_editable_in_cart":false,"bundle_sold_individually_context":"","bundle_item_grouping":"","bundle_min_size":"","bundle_max_size":"","bundle_price":[],"bundled_items":[],"bundle_sell_ids":[],"acf":[],"yoast_head":"<!-- This site is optimized with the Yoast SEO plugin v25.2 - https:\/\/yoast.com\/wordpress\/plugins\/seo\/ -->\n<title>100% prirodni kakao napitak sa kokosom - Cacao Revolution<\/title>\n<meta name=\"description\" content=\"NOVO 100% prirodni sastojci - punomasni kakao prah selekcije zrna Cacao \u042f:Evolution, kokosovo mleko, kokosovo bra\u0161no, kokosov \u0161e\u0107er, organske urme\" \/>\n<meta name=\"robots\" content=\"index, follow, max-snippet:-1, max-image-preview:large, max-video-preview:-1\" \/>\n<link rel=\"canonical\" href=\"https:\/\/cacaorevolution.earth\/hr\/proizvod\/100-prirodni-kakao-napitak-sa-kokosom\/\" \/>\n<meta property=\"og:locale\" content=\"hr_HR\" \/>\n<meta property=\"og:type\" content=\"article\" \/>\n<meta property=\"og:title\" content=\"100% prirodni kakao napitak sa kokosom - Cacao Revolution\" \/>\n<meta property=\"og:description\" content=\"NOVO 100% prirodni sastojci - punomasni kakao prah selekcije zrna Cacao \u042f:Evolution, kokosovo mleko, kokosovo bra\u0161no, kokosov \u0161e\u0107er, organske urme\" \/>\n<meta property=\"og:url\" content=\"https:\/\/cacaorevolution.earth\/hr\/proizvod\/100-prirodni-kakao-napitak-sa-kokosom\/\" \/>\n<meta property=\"og:site_name\" content=\"Cacao Revolution\" \/>\n<meta property=\"article:modified_time\" content=\"2026-04-01T12:52:06+00:00\" \/>\n<meta property=\"og:image\" content=\"https:\/\/cacaorevolution.earth\/wp-content\/uploads\/2024\/07\/cr-kokos.png\" \/>\n\t<meta property=\"og:image:width\" content=\"790\" \/>\n\t<meta property=\"og:image:height\" content=\"852\" \/>\n\t<meta property=\"og:image:type\" content=\"image\/png\" \/>\n<meta name=\"twitter:card\" content=\"summary_large_image\" \/>\n<meta name=\"twitter:label1\" content=\"Procijenjeno vrijeme \u010ditanja\" \/>\n\t<meta name=\"twitter:data1\" content=\"1 minuta\" \/>\n<script type=\"application\/ld+json\" class=\"yoast-schema-graph\">{\"@context\":\"https:\/\/schema.org\",\"@graph\":[{\"@type\":[\"WebPage\",\"ItemPage\"],\"@id\":\"https:\/\/cacaorevolution.earth\/hr\/proizvod\/100-prirodni-kakao-napitak-sa-kokosom\/\",\"url\":\"https:\/\/cacaorevolution.earth\/hr\/proizvod\/100-prirodni-kakao-napitak-sa-kokosom\/\",\"name\":\"100% prirodni kakao napitak sa kokosom - Cacao Revolution\",\"isPartOf\":{\"@id\":\"https:\/\/cacaorevolution.earth\/#website\"},\"primaryImageOfPage\":{\"@id\":\"https:\/\/cacaorevolution.earth\/hr\/proizvod\/100-prirodni-kakao-napitak-sa-kokosom\/#primaryimage\"},\"image\":{\"@id\":\"https:\/\/cacaorevolution.earth\/hr\/proizvod\/100-prirodni-kakao-napitak-sa-kokosom\/#primaryimage\"},\"thumbnailUrl\":\"https:\/\/cacaorevolution.earth\/wp-content\/uploads\/2024\/07\/cr-kokos.png\",\"datePublished\":\"2026-01-11T00:56:51+00:00\",\"dateModified\":\"2026-04-01T12:52:06+00:00\",\"description\":\"NOVO 100% prirodni sastojci - punomasni kakao prah selekcije zrna Cacao \u042f:Evolution, kokosovo mleko, kokosovo bra\u0161no, kokosov \u0161e\u0107er, organske urme\",\"breadcrumb\":{\"@id\":\"https:\/\/cacaorevolution.earth\/hr\/proizvod\/100-prirodni-kakao-napitak-sa-kokosom\/#breadcrumb\"},\"inLanguage\":\"hr\",\"potentialAction\":[{\"@type\":\"ReadAction\",\"target\":[\"https:\/\/cacaorevolution.earth\/hr\/proizvod\/100-prirodni-kakao-napitak-sa-kokosom\/\"]}]},{\"@type\":\"ImageObject\",\"inLanguage\":\"hr\",\"@id\":\"https:\/\/cacaorevolution.earth\/hr\/proizvod\/100-prirodni-kakao-napitak-sa-kokosom\/#primaryimage\",\"url\":\"https:\/\/cacaorevolution.earth\/wp-content\/uploads\/2024\/07\/cr-kokos.png\",\"contentUrl\":\"https:\/\/cacaorevolution.earth\/wp-content\/uploads\/2024\/07\/cr-kokos.png\",\"width\":790,\"height\":852},{\"@type\":\"BreadcrumbList\",\"@id\":\"https:\/\/cacaorevolution.earth\/hr\/proizvod\/100-prirodni-kakao-napitak-sa-kokosom\/#breadcrumb\",\"itemListElement\":[{\"@type\":\"ListItem\",\"position\":1,\"name\":\"Home\",\"item\":\"https:\/\/cacaorevolution.earth\/\"},{\"@type\":\"ListItem\",\"position\":2,\"name\":\"Trgovina\",\"item\":\"https:\/\/cacaorevolution.earth\/hr\/trgovina\/\"},{\"@type\":\"ListItem\",\"position\":3,\"name\":\"100% prirodni kakao napitak sa kokosom\"}]},{\"@type\":\"WebSite\",\"@id\":\"https:\/\/cacaorevolution.earth\/#website\",\"url\":\"https:\/\/cacaorevolution.earth\/\",\"name\":\"Cacao Revolution\",\"description\":\"Organic ceremonial cacao\",\"potentialAction\":[{\"@type\":\"SearchAction\",\"target\":{\"@type\":\"EntryPoint\",\"urlTemplate\":\"https:\/\/cacaorevolution.earth\/?s={search_term_string}\"},\"query-input\":{\"@type\":\"PropertyValueSpecification\",\"valueRequired\":true,\"valueName\":\"search_term_string\"}}],\"inLanguage\":\"hr\"}]}<\/script>\n<!-- \/ Yoast SEO plugin. -->","yoast_head_json":{"title":"100% prirodni kakao napitak sa kokosom - Cacao Revolution","description":"NOVO 100% prirodni sastojci - punomasni kakao prah selekcije zrna Cacao \u042f:Evolution, kokosovo mleko, kokosovo bra\u0161no, kokosov \u0161e\u0107er, organske urme","robots":{"index":"index","follow":"follow","max-snippet":"max-snippet:-1","max-image-preview":"max-image-preview:large","max-video-preview":"max-video-preview:-1"},"canonical":"https:\/\/cacaorevolution.earth\/hr\/proizvod\/100-prirodni-kakao-napitak-sa-kokosom\/","og_locale":"hr_HR","og_type":"article","og_title":"100% prirodni kakao napitak sa kokosom - Cacao Revolution","og_description":"NOVO 100% prirodni sastojci - punomasni kakao prah selekcije zrna Cacao \u042f:Evolution, kokosovo mleko, kokosovo bra\u0161no, kokosov \u0161e\u0107er, organske urme","og_url":"https:\/\/cacaorevolution.earth\/hr\/proizvod\/100-prirodni-kakao-napitak-sa-kokosom\/","og_site_name":"Cacao Revolution","article_modified_time":"2026-04-01T12:52:06+00:00","og_image":[{"width":790,"height":852,"url":"https:\/\/cacaorevolution.earth\/wp-content\/uploads\/2024\/07\/cr-kokos.png","type":"image\/png"}],"twitter_card":"summary_large_image","twitter_misc":{"Procijenjeno vrijeme \u010ditanja":"1 minuta"},"schema":{"@context":"https:\/\/schema.org","@graph":[{"@type":["WebPage","ItemPage"],"@id":"https:\/\/cacaorevolution.earth\/hr\/proizvod\/100-prirodni-kakao-napitak-sa-kokosom\/","url":"https:\/\/cacaorevolution.earth\/hr\/proizvod\/100-prirodni-kakao-napitak-sa-kokosom\/","name":"100% prirodni kakao napitak sa kokosom - Cacao Revolution","isPartOf":{"@id":"https:\/\/cacaorevolution.earth\/#website"},"primaryImageOfPage":{"@id":"https:\/\/cacaorevolution.earth\/hr\/proizvod\/100-prirodni-kakao-napitak-sa-kokosom\/#primaryimage"},"image":{"@id":"https:\/\/cacaorevolution.earth\/hr\/proizvod\/100-prirodni-kakao-napitak-sa-kokosom\/#primaryimage"},"thumbnailUrl":"https:\/\/cacaorevolution.earth\/wp-content\/uploads\/2024\/07\/cr-kokos.png","datePublished":"2026-01-11T00:56:51+00:00","dateModified":"2026-04-01T12:52:06+00:00","description":"NOVO 100% prirodni sastojci - punomasni kakao prah selekcije zrna Cacao \u042f:Evolution, kokosovo mleko, kokosovo bra\u0161no, kokosov \u0161e\u0107er, organske urme","breadcrumb":{"@id":"https:\/\/cacaorevolution.earth\/hr\/proizvod\/100-prirodni-kakao-napitak-sa-kokosom\/#breadcrumb"},"inLanguage":"hr","potentialAction":[{"@type":"ReadAction","target":["https:\/\/cacaorevolution.earth\/hr\/proizvod\/100-prirodni-kakao-napitak-sa-kokosom\/"]}]},{"@type":"ImageObject","inLanguage":"hr","@id":"https:\/\/cacaorevolution.earth\/hr\/proizvod\/100-prirodni-kakao-napitak-sa-kokosom\/#primaryimage","url":"https:\/\/cacaorevolution.earth\/wp-content\/uploads\/2024\/07\/cr-kokos.png","contentUrl":"https:\/\/cacaorevolution.earth\/wp-content\/uploads\/2024\/07\/cr-kokos.png","width":790,"height":852},{"@type":"BreadcrumbList","@id":"https:\/\/cacaorevolution.earth\/hr\/proizvod\/100-prirodni-kakao-napitak-sa-kokosom\/#breadcrumb","itemListElement":[{"@type":"ListItem","position":1,"name":"Home","item":"https:\/\/cacaorevolution.earth\/"},{"@type":"ListItem","position":2,"name":"Trgovina","item":"https:\/\/cacaorevolution.earth\/hr\/trgovina\/"},{"@type":"ListItem","position":3,"name":"100% prirodni kakao napitak sa kokosom"}]},{"@type":"WebSite","@id":"https:\/\/cacaorevolution.earth\/#website","url":"https:\/\/cacaorevolution.earth\/","name":"Cacao Revolution","description":"Organic ceremonial cacao","potentialAction":[{"@type":"SearchAction","target":{"@type":"EntryPoint","urlTemplate":"https:\/\/cacaorevolution.earth\/?s={search_term_string}"},"query-input":{"@type":"PropertyValueSpecification","valueRequired":true,"valueName":"search_term_string"}}],"inLanguage":"hr"}]}},"_links":{"self":[{"href":"https:\/\/cacaorevolution.earth\/hr\/wp-json\/wp\/v2\/product\/6371","targetHints":{"allow":["GET"]}}],"collection":[{"href":"https:\/\/cacaorevolution.earth\/hr\/wp-json\/wp\/v2\/product"}],"about":[{"href":"https:\/\/cacaorevolution.earth\/hr\/wp-json\/wp\/v2\/types\/product"}],"version-history":[{"count":6,"href":"https:\/\/cacaorevolution.earth\/hr\/wp-json\/wp\/v2\/product\/6371\/revisions"}],"predecessor-version":[{"id":7170,"href":"https:\/\/cacaorevolution.earth\/hr\/wp-json\/wp\/v2\/product\/6371\/revisions\/7170"}],"wp:featuredmedia":[{"embeddable":true,"href":"https:\/\/cacaorevolution.earth\/hr\/wp-json\/wp\/v2\/media\/4281"}],"wp:attachment":[{"href":"https:\/\/cacaorevolution.earth\/hr\/wp-json\/wp\/v2\/media?parent=6371"}],"wp:term":[{"taxonomy":"product_brand","embeddable":true,"href":"https:\/\/cacaorevolution.earth\/hr\/wp-json\/wp\/v2\/product_brand?post=6371"},{"taxonomy":"product_cat","embeddable":true,"href":"https:\/\/cacaorevolution.earth\/hr\/wp-json\/wp\/v2\/product_cat?post=6371"},{"taxonomy":"product_tag","embeddable":true,"href":"https:\/\/cacaorevolution.earth\/hr\/wp-json\/wp\/v2\/product_tag?post=6371"}],"curies":[{"name":"wp","href":"https:\/\/api.w.org\/{rel}","templated":true}]}}