{"id":2043,"date":"2024-05-17T09:33:58","date_gmt":"2024-05-17T09:33:58","guid":{"rendered":"https:\/\/cacaorevolution.earth\/product\/celestial-cacao-2\/"},"modified":"2026-03-17T10:48:40","modified_gmt":"2026-03-17T10:48:40","slug":"celestial-cacao","status":"publish","type":"product","link":"https:\/\/cacaorevolution.earth\/hr\/proizvod\/celestial-cacao\/","title":{"rendered":"Celestial Cacao 100% Organske Kusko Kakao Granule"},"content":{"rendered":"<h2>Peru, Machu Picchu (Dolina Inka)<\/h2>\n<p>Drevne planta\u017ee na visoravnima <strong>Kuska, u sjeni Machu Picchua, drevne prestonice Inka<\/strong>, skrivaju tajnu Kusko kakaa, <strong>jednog od najrje\u0111ih i najcjenjenijih sorti kakao zrna na svijetu.<\/strong> Poznat je po izuzetnom okusu i bogatoj, vo\u0107noj aromi. Pojedina\u010dna <strong>stabla ovog kakaa stara su stotinama godina<\/strong> i o\u010duvana su od uni\u0161tenja zahvaljuju\u0107i predanoj brizi lokalnog stanovni\u0161tva.<\/p>\n<p><strong>Mnogi ovaj kakao smatraju najukusnijim na svijetu, a uz to je i jedna od najrje\u0111ih, autohtonih sorti.<\/strong><\/p>\n<p><strong>Na\u0161 organski Celestial kakao dolazi u jedinstvenom obliku granula kakao mase s \u010dak 55% kakao maslaca.<\/strong><\/p>\n<p>Idealan je za pripremu <strong>zdravih toplih \u010dokoladnih napitaka, kao zdrava zamjena za kavu, kao dodatak proteinskim napicima i smutijima, ali i za druge dnevne rituale.<\/strong> Vi\u0161e o na\u010dinima pripreme i idejama za va\u0161e dnevne kakao rituale saznajte na stranici: <a href=\"https:\/\/cacaorevolution.earth\/hr\/recipes\/\">Recepti.<\/a><\/p>\n<p><span style=\"color: #ff4d4d;\"><strong>Napomena<\/strong>: Prikazana cijena je promotivna i obra\u010dunata sa <strong>20% popusta<\/strong>.<\/span><\/p>\n","protected":false},"excerpt":{"rendered":"<p><b>Peru<\/b><\/p>\n","protected":false},"featured_media":4290,"template":"","meta":{"_acf_changed":false,"inline_featured_image":false},"product_brand":[],"product_cat":[82],"product_tag":[],"class_list":{"0":"post-2043","1":"product","2":"type-product","3":"status-publish","4":"has-post-thumbnail","6":"product_cat-kakao","8":"first","9":"instock","10":"sale","11":"featured","12":"shipping-taxable","13":"purchasable","14":"product-type-simple"},"bundled_by":["7184"],"bundle_stock_status":"instock","bundle_stock_quantity":null,"bundle_virtual":false,"bundle_layout":"","bundle_add_to_cart_form_location":"","bundle_editable_in_cart":false,"bundle_sold_individually_context":"","bundle_item_grouping":"","bundle_min_size":"","bundle_max_size":"","bundle_price":[],"bundled_items":[],"bundle_sell_ids":[],"acf":[],"yoast_head":"<!-- This site is optimized with the Yoast SEO plugin v25.2 - https:\/\/yoast.com\/wordpress\/plugins\/seo\/ -->\n<title>Celestial Cacao 100% Organske Kusko Kakao Granule - Cacao Revolution<\/title>\n<meta name=\"description\" content=\"Organski 100% Kusko Celestial kakao dolazi iz doline Kusko, Ma\u010du Pi\u010du, Peru, u jedinstvenom obliku granula kakao mase sa \u010dak 55% kakao butera.\" \/>\n<meta name=\"robots\" content=\"index, follow, max-snippet:-1, max-image-preview:large, max-video-preview:-1\" \/>\n<link rel=\"canonical\" href=\"https:\/\/cacaorevolution.earth\/hr\/proizvod\/celestial-cacao\/\" \/>\n<meta property=\"og:locale\" content=\"hr_HR\" \/>\n<meta property=\"og:type\" content=\"article\" \/>\n<meta property=\"og:title\" content=\"Celestial Cacao 100% Organske Kusko Kakao Granule - Cacao Revolution\" \/>\n<meta property=\"og:description\" content=\"Organski 100% Kusko Celestial kakao dolazi iz doline Kusko, Ma\u010du Pi\u010du, Peru, u jedinstvenom obliku granula kakao mase sa \u010dak 55% kakao butera.\" \/>\n<meta property=\"og:url\" content=\"https:\/\/cacaorevolution.earth\/hr\/proizvod\/celestial-cacao\/\" \/>\n<meta property=\"og:site_name\" content=\"Cacao Revolution\" \/>\n<meta property=\"article:modified_time\" content=\"2026-03-17T10:48:40+00:00\" \/>\n<meta property=\"og:image\" content=\"https:\/\/cacaorevolution.earth\/wp-content\/uploads\/2024\/05\/cr-celestial.png\" \/>\n\t<meta property=\"og:image:width\" content=\"759\" \/>\n\t<meta property=\"og:image:height\" content=\"781\" \/>\n\t<meta property=\"og:image:type\" content=\"image\/png\" \/>\n<meta name=\"twitter:card\" content=\"summary_large_image\" \/>\n<meta name=\"twitter:label1\" content=\"Procijenjeno vrijeme \u010ditanja\" \/>\n\t<meta name=\"twitter:data1\" content=\"1 minuta\" \/>\n<script type=\"application\/ld+json\" class=\"yoast-schema-graph\">{\"@context\":\"https:\/\/schema.org\",\"@graph\":[{\"@type\":[\"WebPage\",\"ItemPage\"],\"@id\":\"https:\/\/cacaorevolution.earth\/hr\/proizvod\/celestial-cacao\/\",\"url\":\"https:\/\/cacaorevolution.earth\/hr\/proizvod\/celestial-cacao\/\",\"name\":\"Celestial Cacao 100% Organske Kusko Kakao Granule - Cacao Revolution\",\"isPartOf\":{\"@id\":\"https:\/\/cacaorevolution.earth\/#website\"},\"primaryImageOfPage\":{\"@id\":\"https:\/\/cacaorevolution.earth\/hr\/proizvod\/celestial-cacao\/#primaryimage\"},\"image\":{\"@id\":\"https:\/\/cacaorevolution.earth\/hr\/proizvod\/celestial-cacao\/#primaryimage\"},\"thumbnailUrl\":\"https:\/\/cacaorevolution.earth\/wp-content\/uploads\/2024\/05\/cr-celestial.png\",\"datePublished\":\"2024-05-17T09:33:58+00:00\",\"dateModified\":\"2026-03-17T10:48:40+00:00\",\"description\":\"Organski 100% Kusko Celestial kakao dolazi iz doline Kusko, Ma\u010du Pi\u010du, Peru, u jedinstvenom obliku granula kakao mase sa \u010dak 55% kakao butera.\",\"breadcrumb\":{\"@id\":\"https:\/\/cacaorevolution.earth\/hr\/proizvod\/celestial-cacao\/#breadcrumb\"},\"inLanguage\":\"hr\",\"potentialAction\":[{\"@type\":\"ReadAction\",\"target\":[\"https:\/\/cacaorevolution.earth\/hr\/proizvod\/celestial-cacao\/\"]}]},{\"@type\":\"ImageObject\",\"inLanguage\":\"hr\",\"@id\":\"https:\/\/cacaorevolution.earth\/hr\/proizvod\/celestial-cacao\/#primaryimage\",\"url\":\"https:\/\/cacaorevolution.earth\/wp-content\/uploads\/2024\/05\/cr-celestial.png\",\"contentUrl\":\"https:\/\/cacaorevolution.earth\/wp-content\/uploads\/2024\/05\/cr-celestial.png\",\"width\":759,\"height\":781},{\"@type\":\"BreadcrumbList\",\"@id\":\"https:\/\/cacaorevolution.earth\/hr\/proizvod\/celestial-cacao\/#breadcrumb\",\"itemListElement\":[{\"@type\":\"ListItem\",\"position\":1,\"name\":\"Home\",\"item\":\"https:\/\/cacaorevolution.earth\/\"},{\"@type\":\"ListItem\",\"position\":2,\"name\":\"Trgovina\",\"item\":\"https:\/\/cacaorevolution.earth\/hr\/trgovina\/\"},{\"@type\":\"ListItem\",\"position\":3,\"name\":\"Celestial Cacao 100% Organske Kusko Kakao Granule\"}]},{\"@type\":\"WebSite\",\"@id\":\"https:\/\/cacaorevolution.earth\/#website\",\"url\":\"https:\/\/cacaorevolution.earth\/\",\"name\":\"Cacao Revolution\",\"description\":\"Organic ceremonial cacao\",\"potentialAction\":[{\"@type\":\"SearchAction\",\"target\":{\"@type\":\"EntryPoint\",\"urlTemplate\":\"https:\/\/cacaorevolution.earth\/?s={search_term_string}\"},\"query-input\":{\"@type\":\"PropertyValueSpecification\",\"valueRequired\":true,\"valueName\":\"search_term_string\"}}],\"inLanguage\":\"hr\"}]}<\/script>\n<!-- \/ Yoast SEO plugin. -->","yoast_head_json":{"title":"Celestial Cacao 100% Organske Kusko Kakao Granule - Cacao Revolution","description":"Organski 100% Kusko Celestial kakao dolazi iz doline Kusko, Ma\u010du Pi\u010du, Peru, u jedinstvenom obliku granula kakao mase sa \u010dak 55% kakao butera.","robots":{"index":"index","follow":"follow","max-snippet":"max-snippet:-1","max-image-preview":"max-image-preview:large","max-video-preview":"max-video-preview:-1"},"canonical":"https:\/\/cacaorevolution.earth\/hr\/proizvod\/celestial-cacao\/","og_locale":"hr_HR","og_type":"article","og_title":"Celestial Cacao 100% Organske Kusko Kakao Granule - Cacao Revolution","og_description":"Organski 100% Kusko Celestial kakao dolazi iz doline Kusko, Ma\u010du Pi\u010du, Peru, u jedinstvenom obliku granula kakao mase sa \u010dak 55% kakao butera.","og_url":"https:\/\/cacaorevolution.earth\/hr\/proizvod\/celestial-cacao\/","og_site_name":"Cacao Revolution","article_modified_time":"2026-03-17T10:48:40+00:00","og_image":[{"width":759,"height":781,"url":"https:\/\/cacaorevolution.earth\/wp-content\/uploads\/2024\/05\/cr-celestial.png","type":"image\/png"}],"twitter_card":"summary_large_image","twitter_misc":{"Procijenjeno vrijeme \u010ditanja":"1 minuta"},"schema":{"@context":"https:\/\/schema.org","@graph":[{"@type":["WebPage","ItemPage"],"@id":"https:\/\/cacaorevolution.earth\/hr\/proizvod\/celestial-cacao\/","url":"https:\/\/cacaorevolution.earth\/hr\/proizvod\/celestial-cacao\/","name":"Celestial Cacao 100% Organske Kusko Kakao Granule - Cacao Revolution","isPartOf":{"@id":"https:\/\/cacaorevolution.earth\/#website"},"primaryImageOfPage":{"@id":"https:\/\/cacaorevolution.earth\/hr\/proizvod\/celestial-cacao\/#primaryimage"},"image":{"@id":"https:\/\/cacaorevolution.earth\/hr\/proizvod\/celestial-cacao\/#primaryimage"},"thumbnailUrl":"https:\/\/cacaorevolution.earth\/wp-content\/uploads\/2024\/05\/cr-celestial.png","datePublished":"2024-05-17T09:33:58+00:00","dateModified":"2026-03-17T10:48:40+00:00","description":"Organski 100% Kusko Celestial kakao dolazi iz doline Kusko, Ma\u010du Pi\u010du, Peru, u jedinstvenom obliku granula kakao mase sa \u010dak 55% kakao butera.","breadcrumb":{"@id":"https:\/\/cacaorevolution.earth\/hr\/proizvod\/celestial-cacao\/#breadcrumb"},"inLanguage":"hr","potentialAction":[{"@type":"ReadAction","target":["https:\/\/cacaorevolution.earth\/hr\/proizvod\/celestial-cacao\/"]}]},{"@type":"ImageObject","inLanguage":"hr","@id":"https:\/\/cacaorevolution.earth\/hr\/proizvod\/celestial-cacao\/#primaryimage","url":"https:\/\/cacaorevolution.earth\/wp-content\/uploads\/2024\/05\/cr-celestial.png","contentUrl":"https:\/\/cacaorevolution.earth\/wp-content\/uploads\/2024\/05\/cr-celestial.png","width":759,"height":781},{"@type":"BreadcrumbList","@id":"https:\/\/cacaorevolution.earth\/hr\/proizvod\/celestial-cacao\/#breadcrumb","itemListElement":[{"@type":"ListItem","position":1,"name":"Home","item":"https:\/\/cacaorevolution.earth\/"},{"@type":"ListItem","position":2,"name":"Trgovina","item":"https:\/\/cacaorevolution.earth\/hr\/trgovina\/"},{"@type":"ListItem","position":3,"name":"Celestial Cacao 100% Organske Kusko Kakao Granule"}]},{"@type":"WebSite","@id":"https:\/\/cacaorevolution.earth\/#website","url":"https:\/\/cacaorevolution.earth\/","name":"Cacao Revolution","description":"Organic ceremonial cacao","potentialAction":[{"@type":"SearchAction","target":{"@type":"EntryPoint","urlTemplate":"https:\/\/cacaorevolution.earth\/?s={search_term_string}"},"query-input":{"@type":"PropertyValueSpecification","valueRequired":true,"valueName":"search_term_string"}}],"inLanguage":"hr"}]}},"_links":{"self":[{"href":"https:\/\/cacaorevolution.earth\/hr\/wp-json\/wp\/v2\/product\/2043","targetHints":{"allow":["GET"]}}],"collection":[{"href":"https:\/\/cacaorevolution.earth\/hr\/wp-json\/wp\/v2\/product"}],"about":[{"href":"https:\/\/cacaorevolution.earth\/hr\/wp-json\/wp\/v2\/types\/product"}],"version-history":[{"count":3,"href":"https:\/\/cacaorevolution.earth\/hr\/wp-json\/wp\/v2\/product\/2043\/revisions"}],"predecessor-version":[{"id":6129,"href":"https:\/\/cacaorevolution.earth\/hr\/wp-json\/wp\/v2\/product\/2043\/revisions\/6129"}],"wp:featuredmedia":[{"embeddable":true,"href":"https:\/\/cacaorevolution.earth\/hr\/wp-json\/wp\/v2\/media\/4290"}],"wp:attachment":[{"href":"https:\/\/cacaorevolution.earth\/hr\/wp-json\/wp\/v2\/media?parent=2043"}],"wp:term":[{"taxonomy":"product_brand","embeddable":true,"href":"https:\/\/cacaorevolution.earth\/hr\/wp-json\/wp\/v2\/product_brand?post=2043"},{"taxonomy":"product_cat","embeddable":true,"href":"https:\/\/cacaorevolution.earth\/hr\/wp-json\/wp\/v2\/product_cat?post=2043"},{"taxonomy":"product_tag","embeddable":true,"href":"https:\/\/cacaorevolution.earth\/hr\/wp-json\/wp\/v2\/product_tag?post=2043"}],"curies":[{"name":"wp","href":"https:\/\/api.w.org\/{rel}","templated":true}]}}